{"id":1305,"date":"2021-04-06T08:05:22","date_gmt":"2021-04-06T08:05:22","guid":{"rendered":"http:\/\/boschettodipiemma.it\/kontakt\/"},"modified":"2021-04-08T12:54:33","modified_gmt":"2021-04-08T12:54:33","slug":"kontakt","status":"publish","type":"page","link":"https:\/\/boschettodipiemma.it\/de\/kontakt\/","title":{"rendered":"Kontakt"},"content":{"rendered":"<section class=\"l-section wpb_row height_auto\"><div class=\"l-section-h i-cf\"><div class=\"g-cols vc_row type_default valign_top\"><div class=\"vc_col-sm-12 wpb_column vc_column_container\"><div class=\"vc_column-inner\"><div class=\"wpb_wrapper\"><div class=\"ult-spacer spacer-69e3a37489301\" data-id=\"69e3a37489301\" data-height=\"50\" data-height-mobile=\"50\" data-height-tab=\"50\" data-height-tab-portrait=\"\" data-height-mobile-landscape=\"\" style=\"clear:both;display:block;\"><\/div><div class=\"wpb_text_column\" ><div class=\"wpb_wrapper\"><h2 class=\"com-typo__lead-title mod-internal-heading__title mod-internal-heading__title--margin\">Kontaktiere den Camping Boschetto Di Piemma<\/h2>\n<\/div><\/div><div class=\"g-cols wpb_row  type_default valign_top vc_inner\"><div class=\"vc_col-sm-3 wpb_column vc_column_container\"><div class=\"vc_column-inner\"><div class=\"wpb_wrapper\"><div class=\"w-hwrapper us_custom_0db20381 align_left valign_top\"><div class=\"ult-spacer spacer-69e3a37489a3a\" data-id=\"69e3a37489a3a\" data-height=\"5\" data-height-mobile=\"5\" data-height-tab=\"5\" data-height-tab-portrait=\"\" data-height-mobile-landscape=\"\" style=\"clear:both;display:block;\"><\/div><\/div><\/div><\/div><\/div><div class=\"vc_col-sm-3 wpb_column vc_column_container\"><div class=\"vc_column-inner\"><div class=\"wpb_wrapper\"><\/div><\/div><\/div><div class=\"vc_col-sm-3 wpb_column vc_column_container\"><div class=\"vc_column-inner\"><div class=\"wpb_wrapper\"><\/div><\/div><\/div><div class=\"vc_col-sm-3 wpb_column vc_column_container\"><div class=\"vc_column-inner\"><div class=\"wpb_wrapper\"><\/div><\/div><\/div><\/div><div class=\"ult-spacer spacer-69e3a37489b77\" data-id=\"69e3a37489b77\" data-height=\"40\" data-height-mobile=\"40\" data-height-tab=\"40\" data-height-tab-portrait=\"\" data-height-mobile-landscape=\"\" style=\"clear:both;display:block;\"><\/div><\/div><\/div><\/div><\/div><\/div><\/section><!-- Row Backgrounds --><div class=\"upb_color\" data-bg-override=\"0\" data-bg-color=\"#e8e8e8\" data-fadeout=\"\" data-fadeout-percentage=\"30\" data-parallax-content=\"\" data-parallax-content-sense=\"30\" data-row-effect-mobile-disable=\"true\" data-img-parallax-mobile-disable=\"true\" data-rtl=\"false\"  data-custom-vc-row=\"\"  data-vc=\"6.6.0\"  data-is_old_vc=\"\"  data-theme-support=\"\"   data-overlay=\"false\" data-overlay-color=\"\" data-overlay-pattern=\"\" data-overlay-pattern-opacity=\"\" data-overlay-pattern-size=\"\"    ><\/div><section class=\"l-section wpb_row height_medium\"><div class=\"l-section-h i-cf\"><div class=\"g-cols vc_row type_default valign_top\"><div class=\"vc_col-sm-8 wpb_column vc_column_container\"><div class=\"vc_column-inner\"><div class=\"wpb_wrapper\"><div class=\"wpb_text_column\" ><div class=\"wpb_wrapper\"><p>Um uns zu kontaktieren und ein kostenloses personalisiertes Angebot zu erhalten, f\u00fcllen Sie bitte das Formblatt(s.u.) aus.<\/p>\n<\/div><\/div><div class=\"wpb_text_column\" ><div class=\"wpb_wrapper\"><div id=\"quform-40d089\" class=\"quform quform-8 quform-support-page-caching\"><form id=\"quform-form-40d089\" class=\"quform-form quform-form-8\" action=\"\/de\/wp-json\/wp\/v2\/pages\/1305#quform-40d089\" method=\"post\" enctype=\"multipart\/form-data\" novalidate=\"novalidate\" data-options=\"{&quot;id&quot;:8,&quot;uniqueId&quot;:&quot;40d089&quot;,&quot;theme&quot;:&quot;&quot;,&quot;ajax&quot;:true,&quot;logic&quot;:{&quot;logic&quot;:[],&quot;dependents&quot;:[],&quot;elementIds&quot;:[],&quot;dependentElementIds&quot;:[],&quot;animate&quot;:true},&quot;currentPageId&quot;:1,&quot;errorsIcon&quot;:&quot;&quot;,&quot;updateFancybox&quot;:true,&quot;hasPages&quot;:false,&quot;pages&quot;:[1],&quot;pageProgressType&quot;:&quot;numbers&quot;,&quot;tooltipsEnabled&quot;:true,&quot;tooltipClasses&quot;:&quot;qtip-quform-dark qtip-shadow&quot;,&quot;tooltipMy&quot;:&quot;left center&quot;,&quot;tooltipAt&quot;:&quot;right center&quot;,&quot;isRtl&quot;:false,&quot;scrollOffset&quot;:-50,&quot;scrollSpeed&quot;:800}\"><button class=\"quform-default-submit\" name=\"quform_submit\" type=\"submit\" value=\"submit\" aria-hidden=\"true\"><\/button><div class=\"quform-form-inner quform-form-inner-8\"><input type=\"hidden\" name=\"quform_form_id\" value=\"8\" \/><input type=\"hidden\" name=\"quform_form_uid\" value=\"40d089\" \/><input type=\"hidden\" name=\"quform_count\" value=\"1\" \/><input type=\"hidden\" name=\"form_url\" value=\"https:\/\/boschettodipiemma.it\/de\/wp-json\/wp\/v2\/pages\/1305\" \/><input type=\"hidden\" name=\"referring_url\" value=\"\" \/><input type=\"hidden\" name=\"post_id\" value=\"\" \/><input type=\"hidden\" name=\"post_title\" value=\"\" \/><input type=\"hidden\" name=\"quform_current_page_id\" value=\"1\" \/><input type=\"hidden\" name=\"quform_csrf_token\" value=\"TeULbDXAC5Rld3Z6Nkvmd8vBtFMpDNr8L3foDakW\" \/><div class=\"quform-elements quform-elements-8 quform-cf quform-responsive-elements-phone-landscape\"><div class=\"quform-element quform-element-page quform-page-1 quform-page-8_1 quform-cf quform-group-style-plain quform-first-page quform-last-page quform-current-page\"><div class=\"quform-child-elements\"><div class=\"quform-element quform-element-row quform-element-row-8_3 quform-2-columns quform-element-row-size-fixed quform-responsive-columns-phone-landscape\"><div class=\"quform-element quform-element-column quform-element-8_4\"><div class=\"quform-element quform-element-text quform-element-8_8 quform-cf quform-labels-inside quform-element-required\"><div class=\"quform-spacer\"><div class=\"quform-label quform-label-8_8\"><span class=\"quform-label-icon\"><i class=\"fa fa-user\"><\/i><\/span><label class=\"quform-label-text\" for=\"quform_8_8_40d089\">Vorname<span class=\"quform-required\">*<\/span><\/label><\/div><div class=\"quform-inner quform-inner-text quform-inner-8_8\"><div class=\"quform-input quform-input-text quform-input-8_8 quform-cf\"><input type=\"text\" id=\"quform_8_8_40d089\" name=\"quform_8_8\" class=\"quform-field quform-field-text quform-field-8_8\" \/><\/div><\/div><\/div><\/div><div class=\"quform-element quform-element-text quform-element-8_9 quform-cf quform-labels-inside quform-element-required\"><div class=\"quform-spacer\"><div class=\"quform-label quform-label-8_9\"><span class=\"quform-label-icon\"><i class=\"fa fa-user\"><\/i><\/span><label class=\"quform-label-text\" for=\"quform_8_9_40d089\">Nachname<span class=\"quform-required\">*<\/span><\/label><\/div><div class=\"quform-inner quform-inner-text quform-inner-8_9\"><div class=\"quform-input quform-input-text quform-input-8_9 quform-cf\"><input type=\"text\" id=\"quform_8_9_40d089\" name=\"quform_8_9\" class=\"quform-field quform-field-text quform-field-8_9\" \/><\/div><\/div><\/div><\/div><\/div><div class=\"quform-element quform-element-column quform-element-8_5\"><div class=\"quform-element quform-element-email quform-element-8_10 quform-cf quform-labels-inside quform-element-required\"><div class=\"quform-spacer\"><div class=\"quform-label quform-label-8_10\"><span class=\"quform-label-icon\"><i class=\"fa fa-envelope\"><\/i><\/span><label class=\"quform-label-text\" for=\"quform_8_10_40d089\">E-mail<span class=\"quform-required\">*<\/span><\/label><\/div><div class=\"quform-inner quform-inner-email quform-inner-8_10\"><div class=\"quform-input quform-input-email quform-input-8_10 quform-cf\"><input type=\"email\" id=\"quform_8_10_40d089\" name=\"quform_8_10\" class=\"quform-field quform-field-email quform-field-8_10\" \/><\/div><\/div><\/div><\/div><div class=\"quform-element quform-element-text quform-element-8_11 quform-cf quform-labels-inside quform-element-optional\"><div class=\"quform-spacer\"><div class=\"quform-label quform-label-8_11\"><span class=\"quform-label-icon\"><i class=\"fa fa-phone\"><\/i><\/span><label class=\"quform-label-text\" for=\"quform_8_11_40d089\">Fon<\/label><\/div><div class=\"quform-inner quform-inner-text quform-inner-8_11\"><div class=\"quform-input quform-input-text quform-input-8_11 quform-cf\"><input type=\"text\" id=\"quform_8_11_40d089\" name=\"quform_8_11\" class=\"quform-field quform-field-text quform-field-8_11\" \/><\/div><\/div><\/div><\/div><\/div><\/div><div class=\"quform-element quform-element-textarea quform-element-8_6 quform-cf quform-labels-inside quform-element-required\"><div class=\"quform-spacer\"><div class=\"quform-label quform-label-8_6\"><label class=\"quform-label-text\" for=\"quform_8_6_40d089\">Nachricht...<span class=\"quform-required\">*<\/span><\/label><\/div><div class=\"quform-inner quform-inner-textarea quform-inner-8_6\"><div class=\"quform-input quform-input-textarea quform-input-8_6 quform-cf\"><textarea id=\"quform_8_6_40d089\" name=\"quform_8_6\" class=\"quform-field quform-field-textarea quform-field-8_6\"><\/textarea><\/div><\/div><\/div><\/div><div class=\"quform-element quform-element-checkbox quform-element-8_12 quform-cf quform-element-optional\"><div class=\"quform-spacer\"><div class=\"quform-label quform-label-8_12\"><label class=\"quform-label-text\" id=\"quform_8_12_40d089_label\">Newsletter<\/label><\/div><div class=\"quform-inner quform-inner-checkbox quform-inner-8_12\"><div class=\"quform-input quform-input-checkbox quform-input-8_12 quform-cf\"><div class=\"quform-options quform-cf quform-options-block quform-options-simple\" role=\"group\" aria-labelledby=\"quform_8_12_40d089_label\"><div class=\"quform-option\"><input type=\"checkbox\" name=\"quform_8_12[]\" id=\"quform_8_12_40d089_1\" class=\"quform-field quform-field-checkbox quform-field-8_12 quform-field-8_12_1\" value=\"Ich nehme an\" \/><label for=\"quform_8_12_40d089_1\" class=\"quform-option-label quform-option-label-8_12_1\"><span class=\"quform-option-text\">Ich nehme an<\/span><\/label><\/div><\/div><\/div><p class=\"quform-description quform-description-below\">Schreiben Sie sich f\u00fcr unseren newsletter ein damit Sie von uns \u00fcber Neuigkeiten und neue Angebote informiert werden k\u00f6nnen. <\/p><\/div><\/div><\/div><div class=\"quform-element quform-element-checkbox quform-element-8_13 quform-cf quform-element-required\"><div class=\"quform-spacer\"><div class=\"quform-label quform-label-8_13\"><label class=\"quform-label-text\" id=\"quform_8_13_40d089_label\">Privacy<span class=\"quform-required\">*<\/span><\/label><\/div><div class=\"quform-inner quform-inner-checkbox quform-inner-8_13\"><div class=\"quform-input quform-input-checkbox quform-input-8_13 quform-cf\"><div class=\"quform-options quform-cf quform-options-block quform-options-simple\" role=\"group\" aria-labelledby=\"quform_8_13_40d089_label\"><div class=\"quform-option\"><input type=\"checkbox\" name=\"quform_8_13[]\" id=\"quform_8_13_40d089_1\" class=\"quform-field quform-field-checkbox quform-field-8_13 quform-field-8_13_1\" value=\"Ich nehme an\" \/><label for=\"quform_8_13_40d089_1\" class=\"quform-option-label quform-option-label-8_13_1\"><span class=\"quform-option-text\">Ich nehme an<\/span><\/label><\/div><\/div><\/div><p class=\"quform-description quform-description-below\">Ich erkl\u00e4re, dass ich gelesen habe und akzeptiere <a id=\"_privacy\" class=\"open-privacy\" href=\"#privacy\">Privacy &amp; Policy<\/a>.  Die Behandlung der pers\u00f6nlichen Daten betreffend o den Datenschutz betreffend.<\/p><\/div><\/div><\/div><div class=\"quform-element quform-element-recaptcha quform-element-8_15 quform-cf quform-element-required quform-recaptcha-no-size\"><div class=\"quform-spacer\"><div class=\"quform-inner quform-inner-recaptcha quform-inner-8_15\"><div class=\"quform-input quform-input-recaptcha quform-input-8_15 quform-cf\"><div class=\"quform-recaptcha\" data-config=\"{&quot;sitekey&quot;:&quot;6LfEGkErAAAAAP4754H_GDWo7ajIFULvfdJrf_6a&quot;,&quot;_version&quot;:&quot;v3&quot;,&quot;size&quot;:&quot;invisible&quot;,&quot;type&quot;:&quot;image&quot;,&quot;theme&quot;:&quot;light&quot;,&quot;badge&quot;:&quot;bottomright&quot;}\"><\/div><noscript>Please enable JavaScript to submit this form.<\/noscript><\/div><\/div><\/div><\/div><div class=\"quform-element quform-element-submit quform-element-8_2 quform-cf quform-button-style-theme\"><div class=\"quform-button-submit quform-button-submit-default quform-button-submit-8_2\"><button name=\"quform_submit\" type=\"submit\" class=\"quform-submit\" value=\"submit\"><span class=\"quform-button-text quform-button-submit-text\">Absenden<\/span><\/button><\/div><div class=\"quform-loading quform-loading-position-left quform-loading-type-spinner-1\"><div class=\"quform-loading-inner\"><div class=\"quform-loading-spinner\"><div class=\"quform-loading-spinner-inner\"><\/div><\/div><\/div><\/div><\/div><div class=\"quform-element-tree\"><label for=\"quform_8_0_40d089\">Dieses Feld sollte nicht ausgef\u00fcllt werden<\/label><input type=\"text\" id=\"quform_8_0_40d089\" name=\"quform_8_0\" class=\"quform-field quform-field-tree quform-field-8_0\" tabindex=\"-1\" autocomplete=\"off\" \/><\/div><\/div><\/div><\/div><\/div><\/form><\/div>\n<\/div><\/div><\/div><\/div><\/div><div class=\"vc_col-sm-4 wpb_column vc_column_container\"><div class=\"vc_column-inner\"><div class=\"wpb_wrapper\"><div class=\"w-image align_none\"><div class=\"w-image-h\"><img width=\"300\" height=\"200\" src=\"https:\/\/boschettodipiemma.it\/wp-content\/uploads\/2021\/03\/slider-2-300x200.jpg\" class=\"attachment-medium size-medium\" alt=\"\" loading=\"lazy\" srcset=\"https:\/\/boschettodipiemma.it\/wp-content\/uploads\/2021\/03\/slider-2-300x200.jpg 300w, https:\/\/boschettodipiemma.it\/wp-content\/uploads\/2021\/03\/slider-2-1024x682.jpg 1024w, https:\/\/boschettodipiemma.it\/wp-content\/uploads\/2021\/03\/slider-2.jpg 1600w\" sizes=\"(max-width: 300px) 100vw, 300px\" \/><\/div><\/div><div class=\"ult-spacer spacer-69e3a3748bf4a\" data-id=\"69e3a3748bf4a\" data-height=\"25\" data-height-mobile=\"25\" data-height-tab=\"25\" data-height-tab-portrait=\"\" data-height-mobile-landscape=\"\" style=\"clear:both;display:block;\"><\/div><div class=\"wpb_text_column\" ><div class=\"wpb_wrapper\"><div class=\"wpb_text_column\">\n<div class=\"wpb_wrapper\">\n<p><strong><span style=\"font-size: 16px;\">Camping Boschetto di Piemma<br \/>\n<\/span><\/strong>Localit\u00e0 Santa Lucia 38\/c<br \/>\n53037 \u2013 San Gimignano \u2013 SIENA<br \/>\nTel.: <a class=\"nocursor nocursor--underlined\" href=\"tel:+39 0577.907134\" data-ctrl=\"mod-ga-event-telephone\" data-lin-parse=\"true\">+39 0577.907134<\/a><br \/>\nFax: +39 0577.907453<br \/>\nEmail: <a href=\"mailto:info@boschettodipiemma.it\">info@boschettodipiemma.it<\/a><\/p>\n<\/div>\n<\/div>\n<\/div><\/div><\/div><\/div><\/div><\/div><\/div><\/section>\n","protected":false},"excerpt":{"rendered":"Kontaktiere den Camping Boschetto Di Piemma Um uns zu kontaktieren und ein kostenloses personalisiertes Angebot zu erhalten, f\u00fcllen Sie bitte das Formblatt(s.u.) aus. Vorname*Nachname*E-mail*FonNachricht...*NewsletterIch nehme anSchreiben Sie sich f\u00fcr unseren newsletter ein damit Sie von uns \u00fcber Neuigkeiten und neue Angebote informiert werden k\u00f6nnen. Privacy*Ich nehme anIch erkl\u00e4re, dass ich gelesen habe und akzeptiere Privacy...","protected":false},"author":1,"featured_media":0,"parent":0,"menu_order":0,"comment_status":"closed","ping_status":"closed","template":"","meta":[],"yoast_head":"<!-- This site is optimized with the Yoast SEO plugin v16.0.2 - https:\/\/yoast.com\/wordpress\/plugins\/seo\/ -->\n<title>Kontakt - Campeggio Boschetto di Piemma a San Gimignano<\/title>\n<meta name=\"description\" content=\"Kontaktieren Sie den Campingplatz von San Gimignano, Siena. F\u00fcr Ferien in der Toskana mit Erholung, Natur und Sport: Schwimmbad, Restaurant Tennispl\u00e4tze.\" \/>\n<link rel=\"canonical\" href=\"https:\/\/boschettodipiemma.it\/de\/kontakt\/\" \/>\n<meta property=\"og:locale\" content=\"de_DE\" \/>\n<meta property=\"og:type\" content=\"article\" \/>\n<meta property=\"og:title\" content=\"Kontakt - Campeggio Boschetto di Piemma a San Gimignano\" \/>\n<meta property=\"og:description\" content=\"Kontaktieren Sie den Campingplatz von San Gimignano, Siena. F\u00fcr Ferien in der Toskana mit Erholung, Natur und Sport: Schwimmbad, Restaurant Tennispl\u00e4tze.\" \/>\n<meta property=\"og:url\" content=\"https:\/\/boschettodipiemma.it\/de\/kontakt\/\" \/>\n<meta property=\"og:site_name\" content=\"Boschetto di Piemma\" \/>\n<meta property=\"article:publisher\" content=\"https:\/\/www.facebook.com\/camping.boschettodipiemma\" \/>\n<meta property=\"article:modified_time\" content=\"2021-04-08T12:54:33+00:00\" \/>\n<meta name=\"twitter:card\" content=\"summary_large_image\" \/>\n<meta name=\"twitter:label1\" content=\"Gesch\u00e4tzte Lesezeit\">\n\t<meta name=\"twitter:data1\" content=\"1 Minute\">\n<script type=\"application\/ld+json\" class=\"yoast-schema-graph\">{\"@context\":\"https:\/\/schema.org\",\"@graph\":[{\"@type\":\"WebSite\",\"@id\":\"https:\/\/boschettodipiemma.it\/#website\",\"url\":\"https:\/\/boschettodipiemma.it\/\",\"name\":\"Boschetto di Piemma\",\"description\":\"Campeggio San Gimignano Siena, Camping Village Toscana, Vacanze\",\"potentialAction\":[{\"@type\":\"SearchAction\",\"target\":\"https:\/\/boschettodipiemma.it\/?s={search_term_string}\",\"query-input\":\"required name=search_term_string\"}],\"inLanguage\":\"de-DE\"},{\"@type\":\"WebPage\",\"@id\":\"https:\/\/boschettodipiemma.it\/de\/kontakt\/#webpage\",\"url\":\"https:\/\/boschettodipiemma.it\/de\/kontakt\/\",\"name\":\"Kontakt - Campeggio Boschetto di Piemma a San Gimignano\",\"isPartOf\":{\"@id\":\"https:\/\/boschettodipiemma.it\/#website\"},\"datePublished\":\"2021-04-06T08:05:22+00:00\",\"dateModified\":\"2021-04-08T12:54:33+00:00\",\"description\":\"Kontaktieren Sie den Campingplatz von San Gimignano, Siena. F\\u00fcr Ferien in der Toskana mit Erholung, Natur und Sport: Schwimmbad, Restaurant Tennispl\\u00e4tze.\",\"breadcrumb\":{\"@id\":\"https:\/\/boschettodipiemma.it\/de\/kontakt\/#breadcrumb\"},\"inLanguage\":\"de-DE\",\"potentialAction\":[{\"@type\":\"ReadAction\",\"target\":[\"https:\/\/boschettodipiemma.it\/de\/kontakt\/\"]}]},{\"@type\":\"BreadcrumbList\",\"@id\":\"https:\/\/boschettodipiemma.it\/de\/kontakt\/#breadcrumb\",\"itemListElement\":[{\"@type\":\"ListItem\",\"position\":1,\"item\":{\"@type\":\"WebPage\",\"@id\":\"https:\/\/boschettodipiemma.it\/de\/\",\"url\":\"https:\/\/boschettodipiemma.it\/de\/\",\"name\":\"Home\"}},{\"@type\":\"ListItem\",\"position\":2,\"item\":{\"@type\":\"WebPage\",\"@id\":\"https:\/\/boschettodipiemma.it\/de\/kontakt\/\",\"url\":\"https:\/\/boschettodipiemma.it\/de\/kontakt\/\",\"name\":\"Kontakt\"}}]}]}<\/script>\n<!-- \/ Yoast SEO plugin. -->","_links":{"self":[{"href":"https:\/\/boschettodipiemma.it\/de\/wp-json\/wp\/v2\/pages\/1305"}],"collection":[{"href":"https:\/\/boschettodipiemma.it\/de\/wp-json\/wp\/v2\/pages"}],"about":[{"href":"https:\/\/boschettodipiemma.it\/de\/wp-json\/wp\/v2\/types\/page"}],"author":[{"embeddable":true,"href":"https:\/\/boschettodipiemma.it\/de\/wp-json\/wp\/v2\/users\/1"}],"replies":[{"embeddable":true,"href":"https:\/\/boschettodipiemma.it\/de\/wp-json\/wp\/v2\/comments?post=1305"}],"version-history":[{"count":3,"href":"https:\/\/boschettodipiemma.it\/de\/wp-json\/wp\/v2\/pages\/1305\/revisions"}],"predecessor-version":[{"id":1685,"href":"https:\/\/boschettodipiemma.it\/de\/wp-json\/wp\/v2\/pages\/1305\/revisions\/1685"}],"wp:attachment":[{"href":"https:\/\/boschettodipiemma.it\/de\/wp-json\/wp\/v2\/media?parent=1305"}],"curies":[{"name":"wp","href":"https:\/\/api.w.org\/{rel}","templated":true}]}}