{"id":1358,"date":"2021-04-06T08:30:33","date_gmt":"2021-04-06T08:30:33","guid":{"rendered":"http:\/\/boschettodipiemma.it\/san-gimignano\/"},"modified":"2021-04-06T08:30:34","modified_gmt":"2021-04-06T08:30:34","slug":"san-gimignano","status":"publish","type":"page","link":"https:\/\/boschettodipiemma.it\/de\/san-gimignano\/","title":{"rendered":"San Gimignano"},"content":{"rendered":"<section class=\"l-section wpb_row height_auto\"><div class=\"l-section-h i-cf\"><div class=\"g-cols vc_row type_default valign_top\"><div class=\"vc_col-sm-12 wpb_column vc_column_container\"><div class=\"vc_column-inner\"><div class=\"wpb_wrapper\"><div class=\"ult-spacer spacer-69ecc802a9040\" data-id=\"69ecc802a9040\" data-height=\"50\" data-height-mobile=\"50\" data-height-tab=\"50\" data-height-tab-portrait=\"\" data-height-mobile-landscape=\"\" style=\"clear:both;display:block;\"><\/div><div class=\"wpb_text_column\" ><div class=\"wpb_wrapper\"><h2 class=\"com-typo__lead-title mod-internal-heading__title mod-internal-heading__title--margin\">San Gimignano in der Toskana<\/h2>\n<\/div><\/div><div class=\"g-cols wpb_row  type_default valign_top vc_inner\"><div class=\"vc_col-sm-3 wpb_column vc_column_container\"><div class=\"vc_column-inner\"><div class=\"wpb_wrapper\"><div class=\"w-hwrapper us_custom_0db20381 align_left valign_top\"><div class=\"ult-spacer spacer-69ecc802a997a\" data-id=\"69ecc802a997a\" data-height=\"5\" data-height-mobile=\"5\" data-height-tab=\"5\" data-height-tab-portrait=\"\" data-height-mobile-landscape=\"\" style=\"clear:both;display:block;\"><\/div><\/div><\/div><\/div><\/div><div class=\"vc_col-sm-3 wpb_column vc_column_container\"><div class=\"vc_column-inner\"><div class=\"wpb_wrapper\"><\/div><\/div><\/div><div class=\"vc_col-sm-3 wpb_column vc_column_container\"><div class=\"vc_column-inner\"><div class=\"wpb_wrapper\"><\/div><\/div><\/div><div class=\"vc_col-sm-3 wpb_column vc_column_container\"><div class=\"vc_column-inner\"><div class=\"wpb_wrapper\"><\/div><\/div><\/div><\/div><div class=\"ult-spacer spacer-69ecc802a9aed\" data-id=\"69ecc802a9aed\" data-height=\"40\" data-height-mobile=\"40\" data-height-tab=\"40\" data-height-tab-portrait=\"\" data-height-mobile-landscape=\"\" style=\"clear:both;display:block;\"><\/div><\/div><\/div><\/div><\/div><\/div><\/section><!-- Row Backgrounds --><div class=\"upb_color\" data-bg-override=\"0\" data-bg-color=\"#e8e8e8\" data-fadeout=\"\" data-fadeout-percentage=\"30\" data-parallax-content=\"\" data-parallax-content-sense=\"30\" data-row-effect-mobile-disable=\"true\" data-img-parallax-mobile-disable=\"true\" data-rtl=\"false\"  data-custom-vc-row=\"\"  data-vc=\"6.6.0\"  data-is_old_vc=\"\"  data-theme-support=\"\"   data-overlay=\"false\" data-overlay-color=\"\" data-overlay-pattern=\"\" data-overlay-pattern-opacity=\"\" data-overlay-pattern-size=\"\"    ><\/div><section class=\"l-section wpb_row height_medium\"><div class=\"l-section-h i-cf\"><div class=\"g-cols vc_row type_default valign_top\"><div class=\"vc_col-sm-6 wpb_column vc_column_container\"><div class=\"vc_column-inner\"><div class=\"wpb_wrapper\"><div class=\"g-cols wpb_row  type_default valign_middle vc_inner\"><div class=\"vc_col-sm-3 vc_hidden-xs wpb_column vc_column_container\"><div class=\"vc_column-inner\"><div class=\"wpb_wrapper\"><div class=\"w-image align_none\"><div class=\"w-image-h\"><img width=\"417\" height=\"387\" src=\"https:\/\/boschettodipiemma.it\/wp-content\/uploads\/2021\/03\/TOWER-GIMIGNANO.png\" class=\"attachment-full size-full\" alt=\"\" loading=\"lazy\" srcset=\"https:\/\/boschettodipiemma.it\/wp-content\/uploads\/2021\/03\/TOWER-GIMIGNANO.png 417w, https:\/\/boschettodipiemma.it\/wp-content\/uploads\/2021\/03\/TOWER-GIMIGNANO-300x278.png 300w\" sizes=\"(max-width: 417px) 100vw, 417px\" \/><\/div><\/div><div class=\"ult-spacer spacer-69ecc802b65b6\" data-id=\"69ecc802b65b6\" data-height=\"15\" data-height-mobile=\"15\" data-height-tab=\"15\" data-height-tab-portrait=\"\" data-height-mobile-landscape=\"\" style=\"clear:both;display:block;\"><\/div><\/div><\/div><\/div><div class=\"vc_col-sm-9 wpb_column vc_column_container\"><div class=\"vc_column-inner\"><div class=\"wpb_wrapper\"><div class=\"wpb_text_column\" ><div class=\"wpb_wrapper\"><h4>Der Turm, Symbol der Macht<\/h4>\n<\/div><\/div><\/div><\/div><\/div><\/div><div class=\"wpb_text_column\" ><div class=\"wpb_wrapper\"><p class=\"com-typo__subtitle com-typo__subtitle--little\">Von wo auch immer man ankommt, man sieht <strong>San Gimignano<\/strong> mit seinen zahlreichen T\u00fcrmen aus einem H\u00fcgel (334 m) aufragen. Heute z\u00e4hlt man noch 13 T\u00fcrme. Man sagt, im 14. Jahrhundert seien es 72 gewesen, was der Zahl der wohlhabenden Familienclans entsprach. Sie konnten ihre \u00f6konomische Potenz durch den Bau eines Turmes demonstrieren. Die ersten T\u00fcrme wurden vereinzelt errichtet, in einer weniger stabilen Bauweise, sehr verschieden von jener kompakten Bauweise, die wir heute sehen. Verschieden waren auch die Wohnbedingungen und die Lebensweise in den T\u00fcrmen. Die Zimmer im Inneren der T\u00fcrme waren klein, im Allgemeinen 1&#215;2 m. Es gab nur wenige Fenster\u00f6ffnungen. Die ca. 2 m dicken Mauern sorgten f\u00fcr K\u00fchle im Sommer und W\u00e4rme im Winter. Der Turm war im Mittelalter das st\u00e4rkste Symbol der Macht, vor allem aufgrund der Tatsache, dass die Planung und der Bau eines solchen Turms weder einfach noch wirtschaftlich sinnvoll waren. Man musste die Baumaterialien in Steinbr\u00fcchen erwerben, sie in die Stadt transportieren und dann den Turm errichten. Das konnten sich nur die wohlhabendsten Familien leisten, haupts\u00e4chlich die reichen Kaufleute. Der Turm diente nicht in seiner ganzen H\u00f6he als Wohnung. Im Erdgeschoss waren die L\u00e4den, im ersten Stock die Zimmer und weiter oben die K\u00fcche. Diese Anordnung der Zimmer folgte den elementarsten Regeln der Sicherheit. Die K\u00fcche, in der man gew\u00f6hnlich das Feuer entfachte, befand sich im obersten bewohnten Stockwerk, damit man im Falle eines zuf\u00e4lligen Brandes einen Fluchtweg aus dem Turm offen hatte.<\/p>\n<\/div><\/div><div class=\"wpb_text_column\" ><div class=\"wpb_wrapper\"><h4 class=\"com-typo__subtitle com-typo__subtitle--little\">Die T\u00fcrme wandeln sich<\/h4>\n<div class=\"com-typo__text-block\">W\u00e4hrend des 12. Jahrhunderts sind die das Bauwesen betreffenden Ver\u00e4nderungen auf eine Verbesserung des t\u00e4glichen Lebens ausgerichtet. Die Notwendigkeit von gr\u00f6\u00dferen Innenr\u00e4umen und zahlreicheren Fenster\u00f6ffnungen induziert neue konstruktive Methoden, die insbesondere die T\u00fcrme betreffen. Das Referenzmodell f\u00fcr die T\u00fcrme, die von der Mitte des 12. bis zur Mitte des 13. Jahrhunderts gebaut wurden, ist das pisanische, so genannt nach der gro\u00dfen Anzahl von Geb\u00e4uden, die in der ber\u00fchmten &#8222;citt\u00e0 marinara toscana&#8220; als solches typologisiert wurden. Die Geb\u00e4ude dieses Typs zeichnen sich &#8211; in den unteren Stockwerken &#8211; durch eine oder mehr hohe und schmale Fenster\u00f6ffnungen aus, die sich \u00fcber die ganze Breite des Turms verteilen. Die Fenster\u00f6ffnungen, die sich \u00fcber zwei oder mehr Stockwerke erstrecken, werden im Inneren durch h\u00f6lzerne Geschossbalkenlagen, \u00e4u\u00dferlich durch h\u00f6lzerne Balkone unterbrochen. Solche Balkone erlaubten eine Erweiterung der R\u00e4ume au\u00dferhalb der W\u00e4nde des Geb\u00e4udes.<\/div>\n<\/div><\/div><div class=\"wpb_text_column\" ><div class=\"wpb_wrapper\"><h4 class=\"com-typo__text-block\">Vom Turm zum Palast<\/h4>\n<div class=\"com-typo__text-block\">Vom Ende des 12. Jahrhunderts baut man au\u00dfer den T\u00fcrmen nach dem bekannten Schema auch weniger hohe Geb\u00e4ude, die man schon als &#8222;Palazzi&#8220; (palazzo = Palast, repr\u00e4sentatives Stadthaus) bezeichnen kann. Von der Mitte des 12. Jahrhunderts an, setzt sich allm\u00e4hlich der Gebrauch von Backsteinen sowohl f\u00fcr ganze Geb\u00e4ude, als auch f\u00fcr gr\u00f6\u00dfere Anbauten durch. Ab Mitte des 13. Jahrhunderts werden keine T\u00fcrme mehr gebaut, statt dessen errichtet man Palazzi mit Hilfe moderner Techniken und dem Zeitgeist entsprechend. Zur gleichen Zeit legen gr\u00f6\u00dfere St\u00e4dte wie <strong>Florenz, Pisa, Lucca oder Siena<\/strong> jeweils eigene Baustile fest. Dies geschieht nicht in San Gimignano, wo vielmehr eine vielseitige Architektur vorherrscht, in der sich die Stile der St\u00e4dte vereinigen, mit denen man Kontakte pflegt. Man schafft so eine Architektur, die sich gerade durch diese Durchmischung als originell erweist. Die \u00f6konomische, architektonische und kulturelle Entwicklung endet Mitte des 14. Jahrhunderts, als die Kommune unter die Herrschaft von Florenz f\u00e4llt. Die Seuchen und Hungersn\u00f6te im 14. und 15. Jahrhundert dezimieren die Bev\u00f6lkerung. Z\u00e4hlt San Gimgnano zu Beginn des 14. Jahrhunderts noch 13.000 Einwohner, betr\u00e4gt ihre Zahl zum Ende des 15. Jahrhunderts nur noch 3.000. Das nachmittelalterliche San Gimignano ist daher eine entv\u00f6lkerte im Niedergang begriffene Kommune. Die T\u00fcrme st\u00fcrzen ein, die Palazzi verfallen. Die Bauten des 15. Jahrhunderts sind eher simpel, meistens mit einheitlichen Fenster\u00f6ffnungen, gew\u00f6hnlich nach dem Vorbild bereits existierender Geb\u00e4ude, oftmals einheitlich verputzt. In j\u00fcngerer Zeit ist es gelungen, die Stadt mit Ihren mannigfaltigen Kunstwerken zu bewahren. Dies erm\u00f6glichte die Anerkennung als <strong>Weltkulturerbe durch die UNESCO.<\/strong><\/div>\n<\/div><\/div><\/div><\/div><\/div><div class=\"vc_col-sm-6 wpb_column vc_column_container\"><div class=\"vc_column-inner\"><div class=\"wpb_wrapper\"><div class=\"w-slider style_none fit_scaledown\"><div class=\"w-slider-h\"><div class=\"royalSlider\"><div class=\"rsContent\"><a class=\"rsImg\" data-rsw=\"1024\" data-rsh=\"768\" href=\"https:\/\/boschettodipiemma.it\/wp-content\/uploads\/2021\/03\/San_Gimignano_1.jpeg\"><span data-alt=\"\"><\/span><\/a><\/div><div class=\"rsContent\"><a class=\"rsImg\" data-rsw=\"1024\" data-rsh=\"768\" href=\"https:\/\/boschettodipiemma.it\/wp-content\/uploads\/2021\/03\/San_Gimignano_2.jpeg\"><span data-alt=\"\"><\/span><\/a><\/div><div class=\"rsContent\"><a class=\"rsImg\" data-rsw=\"1024\" data-rsh=\"768\" href=\"https:\/\/boschettodipiemma.it\/wp-content\/uploads\/2021\/03\/San_Gimignano_3.jpeg\"><span data-alt=\"\"><\/span><\/a><\/div><div class=\"rsContent\"><a class=\"rsImg\" data-rsw=\"1024\" data-rsh=\"768\" href=\"https:\/\/boschettodipiemma.it\/wp-content\/uploads\/2021\/03\/San_Gimignano_4.jpeg\"><span data-alt=\"\"><\/span><\/a><\/div><div class=\"rsContent\"><a class=\"rsImg\" data-rsw=\"1024\" data-rsh=\"768\" href=\"https:\/\/boschettodipiemma.it\/wp-content\/uploads\/2021\/03\/San_Gimignano_5.jpeg\"><span data-alt=\"\"><\/span><\/a><\/div><div class=\"rsContent\"><a class=\"rsImg\" data-rsw=\"1024\" data-rsh=\"768\" href=\"https:\/\/boschettodipiemma.it\/wp-content\/uploads\/2021\/03\/San_Gimignano_6.jpeg\"><span data-alt=\"\"><\/span><\/a><\/div><div class=\"rsContent\"><a class=\"rsImg\" data-rsw=\"1024\" data-rsh=\"768\" href=\"https:\/\/boschettodipiemma.it\/wp-content\/uploads\/2021\/03\/San_Gimignano_7.jpeg\"><span data-alt=\"\"><\/span><\/a><\/div><div class=\"rsContent\"><a class=\"rsImg\" data-rsw=\"1024\" data-rsh=\"768\" href=\"https:\/\/boschettodipiemma.it\/wp-content\/uploads\/2021\/03\/San_Gimignano_8.jpeg\"><span data-alt=\"\"><\/span><\/a><\/div><div class=\"rsContent\"><a class=\"rsImg\" data-rsw=\"1024\" data-rsh=\"768\" href=\"https:\/\/boschettodipiemma.it\/wp-content\/uploads\/2021\/03\/San_Gimignano_9.jpeg\"><span data-alt=\"\"><\/span><\/a><\/div><div class=\"rsContent\"><a class=\"rsImg\" data-rsw=\"1024\" data-rsh=\"768\" href=\"https:\/\/boschettodipiemma.it\/wp-content\/uploads\/2021\/03\/San_Gimignano_10.jpeg\"><span data-alt=\"\"><\/span><\/a><\/div><\/div><img src=\"https:\/\/boschettodipiemma.it\/wp-content\/uploads\/2021\/03\/San_Gimignano_1.jpeg\" width=\"1024\" height=\"768\" alt loading=\"lazy\"><\/div><div class=\"w-slider-json\" onclick='return {&quot;loop&quot;:true,&quot;fadeInLoadedSlide&quot;:false,&quot;slidesSpacing&quot;:0,&quot;imageScalePadding&quot;:0,&quot;numImagesToPreload&quot;:2,&quot;arrowsNav&quot;:true,&quot;arrowsNavAutoHide&quot;:false,&quot;transitionType&quot;:&quot;move&quot;,&quot;transitionSpeed&quot;:300,&quot;block&quot;:{&quot;moveEffect&quot;:&quot;none&quot;,&quot;speed&quot;:300},&quot;controlNavigation&quot;:&quot;none&quot;,&quot;autoplay&quot;:{&quot;enabled&quot;:true,&quot;pauseOnHover&quot;:false,&quot;delay&quot;:2000},&quot;imageScaleMode&quot;:&quot;fit-if-smaller&quot;,&quot;autoScaleSlider&quot;:true,&quot;autoScaleSliderWidth&quot;:1024,&quot;autoScaleSliderHeight&quot;:768,&quot;fitInViewport&quot;:false}'><\/div><\/div><\/div><\/div><\/div><\/div><\/div><\/section>\n","protected":false},"excerpt":{"rendered":"San Gimignano in der Toskana Der Turm, Symbol der Macht Von wo auch immer man ankommt, man sieht San Gimignano mit seinen zahlreichen T\u00fcrmen aus einem H\u00fcgel (334 m) aufragen. Heute z\u00e4hlt man noch 13 T\u00fcrme. Man sagt, im 14. Jahrhundert seien es 72 gewesen, was der Zahl der wohlhabenden Familienclans entsprach. Sie konnten ihre...","protected":false},"author":1,"featured_media":0,"parent":0,"menu_order":0,"comment_status":"closed","ping_status":"closed","template":"","meta":[],"yoast_head":"<!-- This site is optimized with the Yoast SEO plugin v16.0.2 - https:\/\/yoast.com\/wordpress\/plugins\/seo\/ -->\n<title>San Gimignano - Campeggio Boschetto di Piemma a San Gimignano<\/title>\n<meta name=\"description\" content=\"Ferien mit Erholung, Kultur und Sport buchst du auf dem Campingplatz von San Gimignano, der Stadt der T\u00fcrme. Besuche San Gimignano und die Toskana.\" \/>\n<link rel=\"canonical\" href=\"https:\/\/boschettodipiemma.it\/de\/san-gimignano\/\" \/>\n<meta property=\"og:locale\" content=\"de_DE\" \/>\n<meta property=\"og:type\" content=\"article\" \/>\n<meta property=\"og:title\" content=\"San Gimignano - Campeggio Boschetto di Piemma a San Gimignano\" \/>\n<meta property=\"og:description\" content=\"Ferien mit Erholung, Kultur und Sport buchst du auf dem Campingplatz von San Gimignano, der Stadt der T\u00fcrme. Besuche San Gimignano und die Toskana.\" \/>\n<meta property=\"og:url\" content=\"https:\/\/boschettodipiemma.it\/de\/san-gimignano\/\" \/>\n<meta property=\"og:site_name\" content=\"Boschetto di Piemma\" \/>\n<meta property=\"article:publisher\" content=\"https:\/\/www.facebook.com\/camping.boschettodipiemma\" \/>\n<meta property=\"article:modified_time\" content=\"2021-04-06T08:30:34+00:00\" \/>\n<meta name=\"twitter:card\" content=\"summary_large_image\" \/>\n<meta name=\"twitter:label1\" content=\"Gesch\u00e4tzte Lesezeit\">\n\t<meta name=\"twitter:data1\" content=\"4 Minuten\">\n<script type=\"application\/ld+json\" class=\"yoast-schema-graph\">{\"@context\":\"https:\/\/schema.org\",\"@graph\":[{\"@type\":\"WebSite\",\"@id\":\"https:\/\/boschettodipiemma.it\/#website\",\"url\":\"https:\/\/boschettodipiemma.it\/\",\"name\":\"Boschetto di Piemma\",\"description\":\"Campeggio San Gimignano Siena, Camping Village Toscana, Vacanze\",\"potentialAction\":[{\"@type\":\"SearchAction\",\"target\":\"https:\/\/boschettodipiemma.it\/?s={search_term_string}\",\"query-input\":\"required name=search_term_string\"}],\"inLanguage\":\"de-DE\"},{\"@type\":\"WebPage\",\"@id\":\"https:\/\/boschettodipiemma.it\/de\/san-gimignano\/#webpage\",\"url\":\"https:\/\/boschettodipiemma.it\/de\/san-gimignano\/\",\"name\":\"San Gimignano - Campeggio Boschetto di Piemma a San Gimignano\",\"isPartOf\":{\"@id\":\"https:\/\/boschettodipiemma.it\/#website\"},\"datePublished\":\"2021-04-06T08:30:33+00:00\",\"dateModified\":\"2021-04-06T08:30:34+00:00\",\"description\":\"Ferien mit Erholung, Kultur und Sport buchst du auf dem Campingplatz von San Gimignano, der Stadt der T\\u00fcrme. Besuche San Gimignano und die Toskana.\",\"breadcrumb\":{\"@id\":\"https:\/\/boschettodipiemma.it\/de\/san-gimignano\/#breadcrumb\"},\"inLanguage\":\"de-DE\",\"potentialAction\":[{\"@type\":\"ReadAction\",\"target\":[\"https:\/\/boschettodipiemma.it\/de\/san-gimignano\/\"]}]},{\"@type\":\"BreadcrumbList\",\"@id\":\"https:\/\/boschettodipiemma.it\/de\/san-gimignano\/#breadcrumb\",\"itemListElement\":[{\"@type\":\"ListItem\",\"position\":1,\"item\":{\"@type\":\"WebPage\",\"@id\":\"https:\/\/boschettodipiemma.it\/de\/\",\"url\":\"https:\/\/boschettodipiemma.it\/de\/\",\"name\":\"Home\"}},{\"@type\":\"ListItem\",\"position\":2,\"item\":{\"@type\":\"WebPage\",\"@id\":\"https:\/\/boschettodipiemma.it\/de\/san-gimignano\/\",\"url\":\"https:\/\/boschettodipiemma.it\/de\/san-gimignano\/\",\"name\":\"San Gimignano\"}}]}]}<\/script>\n<!-- \/ Yoast SEO plugin. -->","_links":{"self":[{"href":"https:\/\/boschettodipiemma.it\/de\/wp-json\/wp\/v2\/pages\/1358"}],"collection":[{"href":"https:\/\/boschettodipiemma.it\/de\/wp-json\/wp\/v2\/pages"}],"about":[{"href":"https:\/\/boschettodipiemma.it\/de\/wp-json\/wp\/v2\/types\/page"}],"author":[{"embeddable":true,"href":"https:\/\/boschettodipiemma.it\/de\/wp-json\/wp\/v2\/users\/1"}],"replies":[{"embeddable":true,"href":"https:\/\/boschettodipiemma.it\/de\/wp-json\/wp\/v2\/comments?post=1358"}],"version-history":[{"count":2,"href":"https:\/\/boschettodipiemma.it\/de\/wp-json\/wp\/v2\/pages\/1358\/revisions"}],"predecessor-version":[{"id":1360,"href":"https:\/\/boschettodipiemma.it\/de\/wp-json\/wp\/v2\/pages\/1358\/revisions\/1360"}],"wp:attachment":[{"href":"https:\/\/boschettodipiemma.it\/de\/wp-json\/wp\/v2\/media?parent=1358"}],"curies":[{"name":"wp","href":"https:\/\/api.w.org\/{rel}","templated":true}]}}