{"id":1049,"date":"2021-03-31T14:01:34","date_gmt":"2021-03-31T14:01:34","guid":{"rendered":"http:\/\/boschettodipiemma.it\/contacts\/"},"modified":"2021-04-08T12:54:01","modified_gmt":"2021-04-08T12:54:01","slug":"contacts","status":"publish","type":"page","link":"https:\/\/boschettodipiemma.it\/fr\/contacts\/","title":{"rendered":"Contacts"},"content":{"rendered":"<section class=\"l-section wpb_row height_auto\"><div class=\"l-section-h i-cf\"><div class=\"g-cols vc_row type_default valign_top\"><div class=\"vc_col-sm-12 wpb_column vc_column_container\"><div class=\"vc_column-inner\"><div class=\"wpb_wrapper\"><div class=\"ult-spacer spacer-69d5769234ce5\" data-id=\"69d5769234ce5\" data-height=\"50\" data-height-mobile=\"50\" data-height-tab=\"50\" data-height-tab-portrait=\"\" data-height-mobile-landscape=\"\" style=\"clear:both;display:block;\"><\/div><div class=\"wpb_text_column\" ><div class=\"wpb_wrapper\"><h2 class=\"com-typo__lead-title mod-internal-heading__title mod-internal-heading__title--margin\">Contacter le Camping Boschetto Di Piemma<\/h2>\n<\/div><\/div><div class=\"g-cols wpb_row  type_default valign_top vc_inner\"><div class=\"vc_col-sm-3 wpb_column vc_column_container\"><div class=\"vc_column-inner\"><div class=\"wpb_wrapper\"><div class=\"w-hwrapper us_custom_0db20381 align_left valign_top\"><div class=\"ult-spacer spacer-69d576923556c\" data-id=\"69d576923556c\" data-height=\"5\" data-height-mobile=\"5\" data-height-tab=\"5\" data-height-tab-portrait=\"\" data-height-mobile-landscape=\"\" style=\"clear:both;display:block;\"><\/div><\/div><\/div><\/div><\/div><div class=\"vc_col-sm-3 wpb_column vc_column_container\"><div class=\"vc_column-inner\"><div class=\"wpb_wrapper\"><\/div><\/div><\/div><div class=\"vc_col-sm-3 wpb_column vc_column_container\"><div class=\"vc_column-inner\"><div class=\"wpb_wrapper\"><\/div><\/div><\/div><div class=\"vc_col-sm-3 wpb_column vc_column_container\"><div class=\"vc_column-inner\"><div class=\"wpb_wrapper\"><\/div><\/div><\/div><\/div><div class=\"ult-spacer spacer-69d57692356aa\" data-id=\"69d57692356aa\" data-height=\"40\" data-height-mobile=\"40\" data-height-tab=\"40\" data-height-tab-portrait=\"\" data-height-mobile-landscape=\"\" style=\"clear:both;display:block;\"><\/div><\/div><\/div><\/div><\/div><\/div><\/section><!-- Row Backgrounds --><div class=\"upb_color\" data-bg-override=\"0\" data-bg-color=\"#e8e8e8\" data-fadeout=\"\" data-fadeout-percentage=\"30\" data-parallax-content=\"\" data-parallax-content-sense=\"30\" data-row-effect-mobile-disable=\"true\" data-img-parallax-mobile-disable=\"true\" data-rtl=\"false\"  data-custom-vc-row=\"\"  data-vc=\"6.6.0\"  data-is_old_vc=\"\"  data-theme-support=\"\"   data-overlay=\"false\" data-overlay-color=\"\" data-overlay-pattern=\"\" data-overlay-pattern-opacity=\"\" data-overlay-pattern-size=\"\"    ><\/div><section class=\"l-section wpb_row height_medium\"><div class=\"l-section-h i-cf\"><div class=\"g-cols vc_row type_default valign_top\"><div class=\"vc_col-sm-8 wpb_column vc_column_container\"><div class=\"vc_column-inner\"><div class=\"wpb_wrapper\"><div class=\"wpb_text_column\" ><div class=\"wpb_wrapper\"><p>Pour nous contacter et recevoir un devis gratuit et personnalis\u00e9 vous pouvez utiliser le formulaire ci-dessous.<\/p>\n<\/div><\/div><div class=\"wpb_text_column\" ><div class=\"wpb_wrapper\"><div id=\"quform-29c238\" class=\"quform quform-7 quform-support-page-caching\"><form id=\"quform-form-29c238\" class=\"quform-form quform-form-7\" action=\"\/fr\/wp-json\/wp\/v2\/pages\/1049#quform-29c238\" method=\"post\" enctype=\"multipart\/form-data\" novalidate=\"novalidate\" data-options=\"{&quot;id&quot;:7,&quot;uniqueId&quot;:&quot;29c238&quot;,&quot;theme&quot;:&quot;&quot;,&quot;ajax&quot;:true,&quot;logic&quot;:{&quot;logic&quot;:[],&quot;dependents&quot;:[],&quot;elementIds&quot;:[],&quot;dependentElementIds&quot;:[],&quot;animate&quot;:true},&quot;currentPageId&quot;:1,&quot;errorsIcon&quot;:&quot;&quot;,&quot;updateFancybox&quot;:true,&quot;hasPages&quot;:false,&quot;pages&quot;:[1],&quot;pageProgressType&quot;:&quot;numbers&quot;,&quot;tooltipsEnabled&quot;:true,&quot;tooltipClasses&quot;:&quot;qtip-quform-dark qtip-shadow&quot;,&quot;tooltipMy&quot;:&quot;left center&quot;,&quot;tooltipAt&quot;:&quot;right center&quot;,&quot;isRtl&quot;:false,&quot;scrollOffset&quot;:-50,&quot;scrollSpeed&quot;:800}\"><button class=\"quform-default-submit\" name=\"quform_submit\" type=\"submit\" value=\"submit\" aria-hidden=\"true\"><\/button><div class=\"quform-form-inner quform-form-inner-7\"><input type=\"hidden\" name=\"quform_form_id\" value=\"7\" \/><input type=\"hidden\" name=\"quform_form_uid\" value=\"29c238\" \/><input type=\"hidden\" name=\"quform_count\" value=\"1\" \/><input type=\"hidden\" name=\"form_url\" value=\"https:\/\/boschettodipiemma.it\/fr\/wp-json\/wp\/v2\/pages\/1049\" \/><input type=\"hidden\" name=\"referring_url\" value=\"\" \/><input type=\"hidden\" name=\"post_id\" value=\"\" \/><input type=\"hidden\" name=\"post_title\" value=\"\" \/><input type=\"hidden\" name=\"quform_current_page_id\" value=\"1\" \/><input type=\"hidden\" name=\"quform_csrf_token\" value=\"Poy3USip5g2OF4MjVwZF12sCMiAI5Ut89MWTpSNN\" \/><div class=\"quform-elements quform-elements-7 quform-cf quform-responsive-elements-phone-landscape\"><div class=\"quform-element quform-element-page quform-page-1 quform-page-7_1 quform-cf quform-group-style-plain quform-first-page quform-last-page quform-current-page\"><div class=\"quform-child-elements\"><div class=\"quform-element quform-element-row quform-element-row-7_3 quform-2-columns quform-element-row-size-fixed quform-responsive-columns-phone-landscape\"><div class=\"quform-element quform-element-column quform-element-7_4\"><div class=\"quform-element quform-element-text quform-element-7_8 quform-cf quform-labels-inside quform-element-required\"><div class=\"quform-spacer\"><div class=\"quform-label quform-label-7_8\"><span class=\"quform-label-icon\"><i class=\"fa fa-user\"><\/i><\/span><label class=\"quform-label-text\" for=\"quform_7_8_29c238\">Pr\u00e9nom<span class=\"quform-required\">*<\/span><\/label><\/div><div class=\"quform-inner quform-inner-text quform-inner-7_8\"><div class=\"quform-input quform-input-text quform-input-7_8 quform-cf\"><input type=\"text\" id=\"quform_7_8_29c238\" name=\"quform_7_8\" class=\"quform-field quform-field-text quform-field-7_8\" \/><\/div><\/div><\/div><\/div><div class=\"quform-element quform-element-text quform-element-7_9 quform-cf quform-labels-inside quform-element-required\"><div class=\"quform-spacer\"><div class=\"quform-label quform-label-7_9\"><span class=\"quform-label-icon\"><i class=\"fa fa-user\"><\/i><\/span><label class=\"quform-label-text\" for=\"quform_7_9_29c238\">Nom<span class=\"quform-required\">*<\/span><\/label><\/div><div class=\"quform-inner quform-inner-text quform-inner-7_9\"><div class=\"quform-input quform-input-text quform-input-7_9 quform-cf\"><input type=\"text\" id=\"quform_7_9_29c238\" name=\"quform_7_9\" class=\"quform-field quform-field-text quform-field-7_9\" \/><\/div><\/div><\/div><\/div><\/div><div class=\"quform-element quform-element-column quform-element-7_5\"><div class=\"quform-element quform-element-email quform-element-7_10 quform-cf quform-labels-inside quform-element-required\"><div class=\"quform-spacer\"><div class=\"quform-label quform-label-7_10\"><span class=\"quform-label-icon\"><i class=\"fa fa-envelope\"><\/i><\/span><label class=\"quform-label-text\" for=\"quform_7_10_29c238\">Email<span class=\"quform-required\">*<\/span><\/label><\/div><div class=\"quform-inner quform-inner-email quform-inner-7_10\"><div class=\"quform-input quform-input-email quform-input-7_10 quform-cf\"><input type=\"email\" id=\"quform_7_10_29c238\" name=\"quform_7_10\" class=\"quform-field quform-field-email quform-field-7_10\" \/><\/div><\/div><\/div><\/div><div class=\"quform-element quform-element-text quform-element-7_11 quform-cf quform-labels-inside quform-element-optional\"><div class=\"quform-spacer\"><div class=\"quform-label quform-label-7_11\"><span class=\"quform-label-icon\"><i class=\"fa fa-phone\"><\/i><\/span><label class=\"quform-label-text\" for=\"quform_7_11_29c238\">T\u00e9l\u00e9phone<\/label><\/div><div class=\"quform-inner quform-inner-text quform-inner-7_11\"><div class=\"quform-input quform-input-text quform-input-7_11 quform-cf\"><input type=\"text\" id=\"quform_7_11_29c238\" name=\"quform_7_11\" class=\"quform-field quform-field-text quform-field-7_11\" \/><\/div><\/div><\/div><\/div><\/div><\/div><div class=\"quform-element quform-element-textarea quform-element-7_6 quform-cf quform-labels-inside quform-element-required\"><div class=\"quform-spacer\"><div class=\"quform-label quform-label-7_6\"><label class=\"quform-label-text\" for=\"quform_7_6_29c238\">Message...<span class=\"quform-required\">*<\/span><\/label><\/div><div class=\"quform-inner quform-inner-textarea quform-inner-7_6\"><div class=\"quform-input quform-input-textarea quform-input-7_6 quform-cf\"><textarea id=\"quform_7_6_29c238\" name=\"quform_7_6\" class=\"quform-field quform-field-textarea quform-field-7_6\"><\/textarea><\/div><\/div><\/div><\/div><div class=\"quform-element quform-element-checkbox quform-element-7_12 quform-cf quform-element-optional\"><div class=\"quform-spacer\"><div class=\"quform-label quform-label-7_12\"><label class=\"quform-label-text\" id=\"quform_7_12_29c238_label\">Newsletter<\/label><\/div><div class=\"quform-inner quform-inner-checkbox quform-inner-7_12\"><div class=\"quform-input quform-input-checkbox quform-input-7_12 quform-cf\"><div class=\"quform-options quform-cf quform-options-block quform-options-simple\" role=\"group\" aria-labelledby=\"quform_7_12_29c238_label\"><div class=\"quform-option\"><input type=\"checkbox\" name=\"quform_7_12[]\" id=\"quform_7_12_29c238_1\" class=\"quform-field quform-field-checkbox quform-field-7_12 quform-field-7_12_1\" value=\"Accepte\" \/><label for=\"quform_7_12_29c238_1\" class=\"quform-option-label quform-option-label-7_12_1\"><span class=\"quform-option-text\">Accepte<\/span><\/label><\/div><\/div><\/div><p class=\"quform-description quform-description-below\">Inscrivez-vous pour notre lettre d'information pour recevoir des nouvelles et des offres! <\/p><\/div><\/div><\/div><div class=\"quform-element quform-element-checkbox quform-element-7_13 quform-cf quform-element-required\"><div class=\"quform-spacer\"><div class=\"quform-label quform-label-7_13\"><label class=\"quform-label-text\" id=\"quform_7_13_29c238_label\">Privacy<span class=\"quform-required\">*<\/span><\/label><\/div><div class=\"quform-inner quform-inner-checkbox quform-inner-7_13\"><div class=\"quform-input quform-input-checkbox quform-input-7_13 quform-cf\"><div class=\"quform-options quform-cf quform-options-block quform-options-simple\" role=\"group\" aria-labelledby=\"quform_7_13_29c238_label\"><div class=\"quform-option\"><input type=\"checkbox\" name=\"quform_7_13[]\" id=\"quform_7_13_29c238_1\" class=\"quform-field quform-field-checkbox quform-field-7_13 quform-field-7_13_1\" value=\"Accepte\" \/><label for=\"quform_7_13_29c238_1\" class=\"quform-option-label quform-option-label-7_13_1\"><span class=\"quform-option-text\">Accepte<\/span><\/label><\/div><\/div><\/div><p class=\"quform-description quform-description-below\">J'ai lu et j'accepte <a id=\"_privacy\" class=\"open-privacy\" href=\"#privacy\">Privacy &amp; Policy<\/a> concernant le traitement des donn\u00e9es personnelles.<\/p><\/div><\/div><\/div><div class=\"quform-element quform-element-recaptcha quform-element-7_15 quform-cf quform-element-required quform-recaptcha-no-size\"><div class=\"quform-spacer\"><div class=\"quform-inner quform-inner-recaptcha quform-inner-7_15\"><div class=\"quform-input quform-input-recaptcha quform-input-7_15 quform-cf\"><div class=\"quform-recaptcha\" data-config=\"{&quot;sitekey&quot;:&quot;6LfEGkErAAAAAP4754H_GDWo7ajIFULvfdJrf_6a&quot;,&quot;_version&quot;:&quot;v3&quot;,&quot;size&quot;:&quot;invisible&quot;,&quot;type&quot;:&quot;image&quot;,&quot;theme&quot;:&quot;light&quot;,&quot;badge&quot;:&quot;bottomright&quot;}\"><\/div><noscript>Veuillez activer JavaScript pour l&#039;envoi de ce formulaire.<\/noscript><\/div><\/div><\/div><\/div><div class=\"quform-element quform-element-submit quform-element-7_2 quform-cf quform-button-style-theme\"><div class=\"quform-button-submit quform-button-submit-default quform-button-submit-7_2\"><button name=\"quform_submit\" type=\"submit\" class=\"quform-submit\" value=\"submit\"><span class=\"quform-button-text quform-button-submit-text\">Soumettre<\/span><\/button><\/div><div class=\"quform-loading quform-loading-position-left quform-loading-type-spinner-1\"><div class=\"quform-loading-inner\"><div class=\"quform-loading-spinner\"><div class=\"quform-loading-spinner-inner\"><\/div><\/div><\/div><\/div><\/div><div class=\"quform-element-tree\"><label for=\"quform_7_0_29c238\">Ce champ devrait \u00eatre laiss\u00e9 vide<\/label><input type=\"text\" id=\"quform_7_0_29c238\" name=\"quform_7_0\" class=\"quform-field quform-field-tree quform-field-7_0\" tabindex=\"-1\" autocomplete=\"off\" \/><\/div><\/div><\/div><\/div><\/div><\/form><\/div>\n<\/div><\/div><\/div><\/div><\/div><div class=\"vc_col-sm-4 wpb_column vc_column_container\"><div class=\"vc_column-inner\"><div class=\"wpb_wrapper\"><div class=\"w-image align_none\"><div class=\"w-image-h\"><img width=\"300\" height=\"200\" src=\"https:\/\/boschettodipiemma.it\/wp-content\/uploads\/2021\/03\/slider-2-300x200.jpg\" class=\"attachment-medium size-medium\" alt=\"\" loading=\"lazy\" srcset=\"https:\/\/boschettodipiemma.it\/wp-content\/uploads\/2021\/03\/slider-2-300x200.jpg 300w, https:\/\/boschettodipiemma.it\/wp-content\/uploads\/2021\/03\/slider-2-1024x682.jpg 1024w, https:\/\/boschettodipiemma.it\/wp-content\/uploads\/2021\/03\/slider-2.jpg 1600w\" sizes=\"(max-width: 300px) 100vw, 300px\" \/><\/div><\/div><div class=\"ult-spacer spacer-69d576923f794\" data-id=\"69d576923f794\" data-height=\"25\" data-height-mobile=\"25\" data-height-tab=\"25\" data-height-tab-portrait=\"\" data-height-mobile-landscape=\"\" style=\"clear:both;display:block;\"><\/div><div class=\"wpb_text_column\" ><div class=\"wpb_wrapper\"><div class=\"wpb_text_column\">\n<div class=\"wpb_wrapper\">\n<p><strong><span style=\"font-size: 16px;\">Camping Boschetto di Piemma<br \/>\n<\/span><\/strong>Localit\u00e0 Santa Lucia 38\/c<br \/>\n53037 \u2013 San Gimignano \u2013 SIENA<br \/>\nTel.: <a class=\"nocursor nocursor--underlined\" href=\"tel:+39 0577.907134\" data-ctrl=\"mod-ga-event-telephone\" data-lin-parse=\"true\">+39 0577.907134<\/a><br \/>\nFax: +39 0577.907453<br \/>\nEmail: <a href=\"mailto:info@boschettodipiemma.it\">info@boschettodipiemma.it<\/a><\/p>\n<\/div>\n<\/div>\n<\/div><\/div><\/div><\/div><\/div><\/div><\/div><\/section>\n","protected":false},"excerpt":{"rendered":"Contacter le Camping Boschetto Di Piemma Pour nous contacter et recevoir un devis gratuit et personnalis\u00e9 vous pouvez utiliser le formulaire ci-dessous. Pr\u00e9nom*Nom*Email*T\u00e9l\u00e9phoneMessage...*NewsletterAccepteInscrivez-vous pour notre lettre d'information pour recevoir des nouvelles et des offres! Privacy*AccepteJ'ai lu et j'accepte Privacy &amp; Policy concernant le traitement des donn\u00e9es personnelles.Veuillez activer JavaScript pour l&#039;envoi de ce formulaire.SoumettreCe champ...","protected":false},"author":1,"featured_media":0,"parent":0,"menu_order":0,"comment_status":"closed","ping_status":"closed","template":"","meta":[],"yoast_head":"<!-- This site is optimized with the Yoast SEO plugin v16.0.2 - https:\/\/yoast.com\/wordpress\/plugins\/seo\/ -->\n<title>Contacts - Campeggio Boschetto di Piemma a San Gimignano<\/title>\n<meta name=\"description\" content=\"Contactez le camping de San Gimignano, Sienne. Pour des vacances en Toscane entre d\u00e9tente, nature et sport. Piscine chauff\u00e9e, restaurant, courts de tennis.\" \/>\n<link rel=\"canonical\" href=\"https:\/\/boschettodipiemma.it\/fr\/contacts\/\" \/>\n<meta property=\"og:locale\" content=\"fr_FR\" \/>\n<meta property=\"og:type\" content=\"article\" \/>\n<meta property=\"og:title\" content=\"Contacts - Campeggio Boschetto di Piemma a San Gimignano\" \/>\n<meta property=\"og:description\" content=\"Contactez le camping de San Gimignano, Sienne. Pour des vacances en Toscane entre d\u00e9tente, nature et sport. Piscine chauff\u00e9e, restaurant, courts de tennis.\" \/>\n<meta property=\"og:url\" content=\"https:\/\/boschettodipiemma.it\/fr\/contacts\/\" \/>\n<meta property=\"og:site_name\" content=\"Boschetto di Piemma\" \/>\n<meta property=\"article:publisher\" content=\"https:\/\/www.facebook.com\/camping.boschettodipiemma\" \/>\n<meta property=\"article:modified_time\" content=\"2021-04-08T12:54:01+00:00\" \/>\n<meta name=\"twitter:card\" content=\"summary_large_image\" \/>\n<meta name=\"twitter:label1\" content=\"Dur\u00e9e de lecture est.\">\n\t<meta name=\"twitter:data1\" content=\"1 minute\">\n<script type=\"application\/ld+json\" class=\"yoast-schema-graph\">{\"@context\":\"https:\/\/schema.org\",\"@graph\":[{\"@type\":\"WebSite\",\"@id\":\"https:\/\/boschettodipiemma.it\/#website\",\"url\":\"https:\/\/boschettodipiemma.it\/\",\"name\":\"Boschetto di Piemma\",\"description\":\"Campeggio San Gimignano Siena, Camping Village Toscana, Vacanze\",\"potentialAction\":[{\"@type\":\"SearchAction\",\"target\":\"https:\/\/boschettodipiemma.it\/?s={search_term_string}\",\"query-input\":\"required name=search_term_string\"}],\"inLanguage\":\"fr-FR\"},{\"@type\":\"WebPage\",\"@id\":\"https:\/\/boschettodipiemma.it\/fr\/contacts\/#webpage\",\"url\":\"https:\/\/boschettodipiemma.it\/fr\/contacts\/\",\"name\":\"Contacts - Campeggio Boschetto di Piemma a San Gimignano\",\"isPartOf\":{\"@id\":\"https:\/\/boschettodipiemma.it\/#website\"},\"datePublished\":\"2021-03-31T14:01:34+00:00\",\"dateModified\":\"2021-04-08T12:54:01+00:00\",\"description\":\"Contactez le camping de San Gimignano, Sienne. Pour des vacances en Toscane entre d\\u00e9tente, nature et sport. Piscine chauff\\u00e9e, restaurant, courts de tennis.\",\"breadcrumb\":{\"@id\":\"https:\/\/boschettodipiemma.it\/fr\/contacts\/#breadcrumb\"},\"inLanguage\":\"fr-FR\",\"potentialAction\":[{\"@type\":\"ReadAction\",\"target\":[\"https:\/\/boschettodipiemma.it\/fr\/contacts\/\"]}]},{\"@type\":\"BreadcrumbList\",\"@id\":\"https:\/\/boschettodipiemma.it\/fr\/contacts\/#breadcrumb\",\"itemListElement\":[{\"@type\":\"ListItem\",\"position\":1,\"item\":{\"@type\":\"WebPage\",\"@id\":\"https:\/\/boschettodipiemma.it\/fr\/\",\"url\":\"https:\/\/boschettodipiemma.it\/fr\/\",\"name\":\"Home\"}},{\"@type\":\"ListItem\",\"position\":2,\"item\":{\"@type\":\"WebPage\",\"@id\":\"https:\/\/boschettodipiemma.it\/fr\/contacts\/\",\"url\":\"https:\/\/boschettodipiemma.it\/fr\/contacts\/\",\"name\":\"Contacts\"}}]}]}<\/script>\n<!-- \/ Yoast SEO plugin. -->","_links":{"self":[{"href":"https:\/\/boschettodipiemma.it\/fr\/wp-json\/wp\/v2\/pages\/1049"}],"collection":[{"href":"https:\/\/boschettodipiemma.it\/fr\/wp-json\/wp\/v2\/pages"}],"about":[{"href":"https:\/\/boschettodipiemma.it\/fr\/wp-json\/wp\/v2\/types\/page"}],"author":[{"embeddable":true,"href":"https:\/\/boschettodipiemma.it\/fr\/wp-json\/wp\/v2\/users\/1"}],"replies":[{"embeddable":true,"href":"https:\/\/boschettodipiemma.it\/fr\/wp-json\/wp\/v2\/comments?post=1049"}],"version-history":[{"count":3,"href":"https:\/\/boschettodipiemma.it\/fr\/wp-json\/wp\/v2\/pages\/1049\/revisions"}],"predecessor-version":[{"id":1684,"href":"https:\/\/boschettodipiemma.it\/fr\/wp-json\/wp\/v2\/pages\/1049\/revisions\/1684"}],"wp:attachment":[{"href":"https:\/\/boschettodipiemma.it\/fr\/wp-json\/wp\/v2\/media?parent=1049"}],"curies":[{"name":"wp","href":"https:\/\/api.w.org\/{rel}","templated":true}]}}