{"id":1052,"date":"2021-03-31T14:22:01","date_gmt":"2021-03-31T14:22:01","guid":{"rendered":"http:\/\/boschettodipiemma.it\/ou-sommes-nous\/"},"modified":"2021-03-31T14:22:01","modified_gmt":"2021-03-31T14:22:01","slug":"ou-sommes-nous","status":"publish","type":"page","link":"https:\/\/boschettodipiemma.it\/fr\/ou-sommes-nous\/","title":{"rendered":"O\u00f9 sommes nous"},"content":{"rendered":"<section class=\"l-section wpb_row height_auto\"><div class=\"l-section-h i-cf\"><div class=\"g-cols vc_row type_default valign_top\"><div class=\"vc_col-sm-12 wpb_column vc_column_container\"><div class=\"vc_column-inner\"><div class=\"wpb_wrapper\"><div class=\"ult-spacer spacer-69db0e51e14ba\" data-id=\"69db0e51e14ba\" data-height=\"50\" data-height-mobile=\"50\" data-height-tab=\"50\" data-height-tab-portrait=\"\" data-height-mobile-landscape=\"\" style=\"clear:both;display:block;\"><\/div><div class=\"wpb_text_column\" ><div class=\"wpb_wrapper\"><h2 class=\"com-typo__lead-title mod-internal-heading__title mod-internal-heading__title--margin\">O\u00f9 sommes nous<\/h2>\n<\/div><\/div><div class=\"g-cols wpb_row  type_default valign_top vc_inner\"><div class=\"vc_col-sm-3 wpb_column vc_column_container\"><div class=\"vc_column-inner\"><div class=\"wpb_wrapper\"><div class=\"w-hwrapper us_custom_0db20381 align_left valign_top\"><div class=\"ult-spacer spacer-69db0e51e1d64\" data-id=\"69db0e51e1d64\" data-height=\"5\" data-height-mobile=\"5\" data-height-tab=\"5\" data-height-tab-portrait=\"\" data-height-mobile-landscape=\"\" style=\"clear:both;display:block;\"><\/div><\/div><\/div><\/div><\/div><div class=\"vc_col-sm-3 wpb_column vc_column_container\"><div class=\"vc_column-inner\"><div class=\"wpb_wrapper\"><\/div><\/div><\/div><div class=\"vc_col-sm-3 wpb_column vc_column_container\"><div class=\"vc_column-inner\"><div class=\"wpb_wrapper\"><\/div><\/div><\/div><div class=\"vc_col-sm-3 wpb_column vc_column_container\"><div class=\"vc_column-inner\"><div class=\"wpb_wrapper\"><\/div><\/div><\/div><\/div><div class=\"ult-spacer spacer-69db0e51e3eb2\" data-id=\"69db0e51e3eb2\" data-height=\"40\" data-height-mobile=\"40\" data-height-tab=\"40\" data-height-tab-portrait=\"\" data-height-mobile-landscape=\"\" style=\"clear:both;display:block;\"><\/div><\/div><\/div><\/div><\/div><\/div><\/section><!-- Row Backgrounds --><div class=\"upb_color\" data-bg-override=\"0\" data-bg-color=\"#e8e8e8\" data-fadeout=\"\" data-fadeout-percentage=\"30\" data-parallax-content=\"\" data-parallax-content-sense=\"30\" data-row-effect-mobile-disable=\"true\" data-img-parallax-mobile-disable=\"true\" data-rtl=\"false\"  data-custom-vc-row=\"\"  data-vc=\"6.6.0\"  data-is_old_vc=\"\"  data-theme-support=\"\"   data-overlay=\"false\" data-overlay-color=\"\" data-overlay-pattern=\"\" data-overlay-pattern-opacity=\"\" data-overlay-pattern-size=\"\"    ><\/div><section class=\"l-section wpb_row us_custom_0db20381 height_auto width_full\"><div class=\"l-section-h i-cf\"><div class=\"g-cols vc_row type_default valign_top\"><div class=\"vc_col-sm-12 wpb_column vc_column_container\"><div class=\"vc_column-inner\"><div class=\"wpb_wrapper\"><div class=\"w-map provider_osm us_map_1\" id=\"us_map_1\"><div class=\"w-map-json\" onclick='return {&quot;address&quot;:&quot;43.4534763 11.0516708&quot;,&quot;markers&quot;:[{&quot;address&quot;:&quot;43.4534763 11.0516708&quot;,&quot;html&quot;:&quot;&lt;h5&gt;Hey, siamo qu\\u00ec!&lt;\\\/h5&gt;\\r\\n\\r\\n&lt;h7&gt;&lt;strong&gt;Camping Boschetto di Piemma&lt;\\\/strong&gt;&lt;\\\/h7&gt;&lt;br&gt;\\r\\n&lt;h7&gt;Localit\\u00e0 Santa Lucia 38\\\/c\\r\\n53037 \\u2013 San Gimignano \\u2013 SIENA\\r\\nTel.: +39 0577.907134\\r\\nFax: +39 0577.907453\\r\\nEmail: info@boschettodipiemma.it&lt;\\\/h7&gt;&quot;,&quot;infowindow&quot;:false}],&quot;zoom&quot;:9,&quot;icon&quot;:{&quot;url&quot;:&quot;https:\\\/\\\/boschettodipiemma.it\\\/wp-content\\\/uploads\\\/2021\\\/03\\\/INCON_PIN-150x150.png&quot;,&quot;size&quot;:[40,40]},&quot;height&quot;:400,&quot;style&quot;:&quot;https:\\\/\\\/{s}.tile.openstreetmap.org\\\/{z}\\\/{x}\\\/{y}.png&quot;,&quot;disableZoom&quot;:true}'><\/div><\/div><\/div><\/div><\/div><\/div><\/div><\/section><!-- Row Backgrounds --><div class=\"upb_color\" data-bg-override=\"0\" data-bg-color=\"#f6c244\" data-fadeout=\"\" data-fadeout-percentage=\"30\" data-parallax-content=\"\" data-parallax-content-sense=\"30\" data-row-effect-mobile-disable=\"true\" data-img-parallax-mobile-disable=\"true\" data-rtl=\"false\"  data-custom-vc-row=\"\"  data-vc=\"6.6.0\"  data-is_old_vc=\"\"  data-theme-support=\"\"   data-overlay=\"false\" data-overlay-color=\"\" data-overlay-pattern=\"\" data-overlay-pattern-opacity=\"\" data-overlay-pattern-size=\"\"    ><\/div><section class=\"l-section wpb_row height_medium\"><div class=\"l-section-h i-cf\"><div class=\"g-cols vc_row type_default valign_top\"><div class=\"vc_col-sm-12 wpb_column vc_column_container\"><div class=\"vc_column-inner\"><div class=\"wpb_wrapper\"><div class=\"wpb_text_column\" ><div class=\"wpb_wrapper\"><h4 class=\"com-typo__subtitle com-typo__subtitle--little\">Comment y arriver avec les transports en commun<\/h4>\n<p class=\"com-typo__text-block\">Bisogna Vous devez prendre le train ou un bus pour <strong><span style=\"color: #333333;\">Poggibonsi <\/span><\/strong>et de l\u00e0 le bus pour <span style=\"color: #333333;\">San Gimignano<\/span>. A San Gimignano vous devez prendre le bus envers <strong>S.Lucia<\/strong> et il vous am\u00e8nera devant le camping.<\/p>\n<h4 class=\"com-typo__subtitle com-typo__subtitle--little\">Comment y arriver avec propre moyen de transport<\/h4>\n<ul class=\"com-typo-list\">\n<li class=\"com-typo-list__item\"><span style=\"color: #c33e38;\"><strong>De l&rsquo;Italie du nord<\/strong><\/span><br \/>\nPrendre l&rsquo;autoroute <strong>A1 (E35)<\/strong>, sortir \u00e0 <strong>Firenze-Impruneta<\/strong> et prendre la <strong>Siena-Firenze<\/strong>. Sortir \u00e0 <strong>Poggibonsi NORD<\/strong> puis suivre les panneaux pour <strong>San Gimignano<\/strong> pendant environ dix kilom\u00e8tres. Une fois \u00e0 <strong>San Gimignano<\/strong>, le premier rond point, tournez \u00e0 gauche en direction de <strong>Volterra<\/strong>, puis imm\u00e9diatement \u00e0 gauche en direction de <strong>S. Lucia<\/strong>. Le camping est \u00e0 c\u00f4t\u00e9 des installations sportives.<\/li>\n<li class=\"com-typo-list__item\"><span style=\"color: #c33e38;\"><strong>De l&rsquo;Italie du Sud<\/strong><\/span><br \/>\nPrendre l&rsquo;autoroute <strong>A1 (E35)<\/strong>, sortir \u00e0 <strong>Bettolle<\/strong> et prendre la <strong>Siena-Bettolle<\/strong> en direction de Sienne. De <strong>Siena<\/strong> prendre la direction <strong>Firenze<\/strong> sortir \u00e0 <strong>Poggibonsi NORD<\/strong>. Suivre les panneaux pour <strong>San Gimignano<\/strong> pendant environ dix kilom\u00e8tres. Une fois \u00e0<strong>San Gimignano<\/strong>, le premier rond point, tournez \u00e0 gauche en direction de <strong>Volterra<\/strong> puis imm\u00e9diatement \u00e0 gauche en direction de <strong>S. Lucia<\/strong>. Le camping est \u00e0 c\u00f4t\u00e9 des installations sportives.<\/li>\n<\/ul>\n<\/div><\/div><\/div><\/div><\/div><\/div><\/div><\/section>\n","protected":false},"excerpt":{"rendered":"O\u00f9 sommes nous Comment y arriver avec les transports en commun Bisogna Vous devez prendre le train ou un bus pour Poggibonsi et de l\u00e0 le bus pour San Gimignano. A San Gimignano vous devez prendre le bus envers S.Lucia et il vous am\u00e8nera devant le camping. Comment y arriver avec propre moyen de transport...","protected":false},"author":1,"featured_media":0,"parent":0,"menu_order":0,"comment_status":"closed","ping_status":"closed","template":"","meta":[],"yoast_head":"<!-- This site is optimized with the Yoast SEO plugin v16.0.2 - https:\/\/yoast.com\/wordpress\/plugins\/seo\/ -->\n<title>O\u00f9 sommes nous - Campeggio Boschetto di Piemma a San Gimignano<\/title>\n<meta name=\"description\" content=\"Le Camping Boschetto di Piemma est situ\u00e9 \u00e0 San Gimignano, Sienne. Camping immerg\u00e9 dans la nature de la Toscane, avec piscine et restaurant.\" \/>\n<link rel=\"canonical\" href=\"https:\/\/boschettodipiemma.it\/fr\/ou-sommes-nous\/\" \/>\n<meta property=\"og:locale\" content=\"fr_FR\" \/>\n<meta property=\"og:type\" content=\"article\" \/>\n<meta property=\"og:title\" content=\"O\u00f9 sommes nous - Campeggio Boschetto di Piemma a San Gimignano\" \/>\n<meta property=\"og:description\" content=\"Le Camping Boschetto di Piemma est situ\u00e9 \u00e0 San Gimignano, Sienne. Camping immerg\u00e9 dans la nature de la Toscane, avec piscine et restaurant.\" \/>\n<meta property=\"og:url\" content=\"https:\/\/boschettodipiemma.it\/fr\/ou-sommes-nous\/\" \/>\n<meta property=\"og:site_name\" content=\"Boschetto di Piemma\" \/>\n<meta property=\"article:publisher\" content=\"https:\/\/www.facebook.com\/camping.boschettodipiemma\" \/>\n<meta name=\"twitter:card\" content=\"summary_large_image\" \/>\n<meta name=\"twitter:label1\" content=\"Dur\u00e9e de lecture est.\">\n\t<meta name=\"twitter:data1\" content=\"2 minutes\">\n<script type=\"application\/ld+json\" class=\"yoast-schema-graph\">{\"@context\":\"https:\/\/schema.org\",\"@graph\":[{\"@type\":\"WebSite\",\"@id\":\"https:\/\/boschettodipiemma.it\/#website\",\"url\":\"https:\/\/boschettodipiemma.it\/\",\"name\":\"Boschetto di Piemma\",\"description\":\"Campeggio San Gimignano Siena, Camping Village Toscana, Vacanze\",\"potentialAction\":[{\"@type\":\"SearchAction\",\"target\":\"https:\/\/boschettodipiemma.it\/?s={search_term_string}\",\"query-input\":\"required name=search_term_string\"}],\"inLanguage\":\"fr-FR\"},{\"@type\":\"WebPage\",\"@id\":\"https:\/\/boschettodipiemma.it\/fr\/ou-sommes-nous\/#webpage\",\"url\":\"https:\/\/boschettodipiemma.it\/fr\/ou-sommes-nous\/\",\"name\":\"O\\u00f9 sommes nous - Campeggio Boschetto di Piemma a San Gimignano\",\"isPartOf\":{\"@id\":\"https:\/\/boschettodipiemma.it\/#website\"},\"datePublished\":\"2021-03-31T14:22:01+00:00\",\"dateModified\":\"2021-03-31T14:22:01+00:00\",\"description\":\"Le Camping Boschetto di Piemma est situ\\u00e9 \\u00e0 San Gimignano, Sienne. Camping immerg\\u00e9 dans la nature de la Toscane, avec piscine et restaurant.\",\"breadcrumb\":{\"@id\":\"https:\/\/boschettodipiemma.it\/fr\/ou-sommes-nous\/#breadcrumb\"},\"inLanguage\":\"fr-FR\",\"potentialAction\":[{\"@type\":\"ReadAction\",\"target\":[\"https:\/\/boschettodipiemma.it\/fr\/ou-sommes-nous\/\"]}]},{\"@type\":\"BreadcrumbList\",\"@id\":\"https:\/\/boschettodipiemma.it\/fr\/ou-sommes-nous\/#breadcrumb\",\"itemListElement\":[{\"@type\":\"ListItem\",\"position\":1,\"item\":{\"@type\":\"WebPage\",\"@id\":\"https:\/\/boschettodipiemma.it\/fr\/\",\"url\":\"https:\/\/boschettodipiemma.it\/fr\/\",\"name\":\"Home\"}},{\"@type\":\"ListItem\",\"position\":2,\"item\":{\"@type\":\"WebPage\",\"@id\":\"https:\/\/boschettodipiemma.it\/fr\/ou-sommes-nous\/\",\"url\":\"https:\/\/boschettodipiemma.it\/fr\/ou-sommes-nous\/\",\"name\":\"O\\u00f9 sommes nous\"}}]}]}<\/script>\n<!-- \/ Yoast SEO plugin. -->","_links":{"self":[{"href":"https:\/\/boschettodipiemma.it\/fr\/wp-json\/wp\/v2\/pages\/1052"}],"collection":[{"href":"https:\/\/boschettodipiemma.it\/fr\/wp-json\/wp\/v2\/pages"}],"about":[{"href":"https:\/\/boschettodipiemma.it\/fr\/wp-json\/wp\/v2\/types\/page"}],"author":[{"embeddable":true,"href":"https:\/\/boschettodipiemma.it\/fr\/wp-json\/wp\/v2\/users\/1"}],"replies":[{"embeddable":true,"href":"https:\/\/boschettodipiemma.it\/fr\/wp-json\/wp\/v2\/comments?post=1052"}],"version-history":[{"count":2,"href":"https:\/\/boschettodipiemma.it\/fr\/wp-json\/wp\/v2\/pages\/1052\/revisions"}],"predecessor-version":[{"id":1054,"href":"https:\/\/boschettodipiemma.it\/fr\/wp-json\/wp\/v2\/pages\/1052\/revisions\/1054"}],"wp:attachment":[{"href":"https:\/\/boschettodipiemma.it\/fr\/wp-json\/wp\/v2\/media?parent=1052"}],"curies":[{"name":"wp","href":"https:\/\/api.w.org\/{rel}","templated":true}]}}