{"id":1095,"date":"2021-03-31T14:37:41","date_gmt":"2021-03-31T14:37:41","guid":{"rendered":"http:\/\/boschettodipiemma.it\/le-village-du-pelerin\/"},"modified":"2021-03-31T14:37:42","modified_gmt":"2021-03-31T14:37:42","slug":"le-village-du-pelerin","status":"publish","type":"page","link":"https:\/\/boschettodipiemma.it\/fr\/le-village-du-pelerin\/","title":{"rendered":"Le Village du P\u00e8lerin"},"content":{"rendered":"<section class=\"l-section wpb_row height_auto\"><div class=\"l-section-h i-cf\"><div class=\"g-cols vc_row type_default valign_top\"><div class=\"vc_col-sm-12 wpb_column vc_column_container\"><div class=\"vc_column-inner\"><div class=\"wpb_wrapper\"><div class=\"ult-spacer spacer-69d16f33d848c\" data-id=\"69d16f33d848c\" data-height=\"50\" data-height-mobile=\"50\" data-height-tab=\"50\" data-height-tab-portrait=\"\" data-height-mobile-landscape=\"\" style=\"clear:both;display:block;\"><\/div><div class=\"wpb_text_column\" ><div class=\"wpb_wrapper\"><h2 class=\"com-typo__lead-title mod-internal-heading__title mod-internal-heading__title--margin\">Le Village du P\u00e8lerin<\/h2>\n<\/div><\/div><div class=\"g-cols wpb_row  type_default valign_top vc_inner\"><div class=\"vc_col-sm-3 wpb_column vc_column_container\"><div class=\"vc_column-inner\"><div class=\"wpb_wrapper\"><div class=\"w-hwrapper us_custom_0db20381 align_left valign_top\"><div class=\"ult-spacer spacer-69d16f33d8c73\" data-id=\"69d16f33d8c73\" data-height=\"5\" data-height-mobile=\"5\" data-height-tab=\"5\" data-height-tab-portrait=\"\" data-height-mobile-landscape=\"\" style=\"clear:both;display:block;\"><\/div><\/div><\/div><\/div><\/div><div class=\"vc_col-sm-3 wpb_column vc_column_container\"><div class=\"vc_column-inner\"><div class=\"wpb_wrapper\"><\/div><\/div><\/div><div class=\"vc_col-sm-3 wpb_column vc_column_container\"><div class=\"vc_column-inner\"><div class=\"wpb_wrapper\"><\/div><\/div><\/div><div class=\"vc_col-sm-3 wpb_column vc_column_container\"><div class=\"vc_column-inner\"><div class=\"wpb_wrapper\"><\/div><\/div><\/div><\/div><div class=\"ult-spacer spacer-69d16f33d8d88\" data-id=\"69d16f33d8d88\" data-height=\"40\" data-height-mobile=\"40\" data-height-tab=\"40\" data-height-tab-portrait=\"\" data-height-mobile-landscape=\"\" style=\"clear:both;display:block;\"><\/div><\/div><\/div><\/div><\/div><\/div><\/section><!-- Row Backgrounds --><div class=\"upb_color\" data-bg-override=\"0\" data-bg-color=\"#e8e8e8\" data-fadeout=\"\" data-fadeout-percentage=\"30\" data-parallax-content=\"\" data-parallax-content-sense=\"30\" data-row-effect-mobile-disable=\"true\" data-img-parallax-mobile-disable=\"true\" data-rtl=\"false\"  data-custom-vc-row=\"\"  data-vc=\"6.6.0\"  data-is_old_vc=\"\"  data-theme-support=\"\"   data-overlay=\"false\" data-overlay-color=\"\" data-overlay-pattern=\"\" data-overlay-pattern-opacity=\"\" data-overlay-pattern-size=\"\"    ><\/div><section class=\"l-section wpb_row height_medium\"><div class=\"l-section-h i-cf\"><div class=\"g-cols vc_row type_default valign_top\"><div class=\"vc_col-sm-6 wpb_column vc_column_container\"><div class=\"vc_column-inner\"><div class=\"wpb_wrapper\"><div class=\"wpb_text_column\" ><div class=\"wpb_wrapper\"><p class=\"com-typo__subtitle com-typo__subtitle--little\">Gr\u00e2ce \u00e0 la contribution de la R\u00e9gion Toscane et de l&rsquo;Union Europ\u00e9enne, le <strong>Villaggio del Pellegrino<\/strong> est n\u00e9 en 2016. Les 54 lits sont divis\u00e9s en chambres triples, avec salle de bain et douche priv\u00e9, pr\u00eat \u00e0 accueillir tous les p\u00e8lerins en train de voyager le long de la <strong> Via Francigena<\/strong>.<br \/>\nLes titres de p\u00e8lerinage sont obligatoires afin de b\u00e9n\u00e9ficier de la remise.<\/p>\n<\/div><\/div><\/div><\/div><\/div><div class=\"vc_col-sm-6 wpb_column vc_column_container\"><div class=\"vc_column-inner\"><div class=\"wpb_wrapper\"><div class=\"w-image align_none\"><div class=\"w-image-h\"><img width=\"1024\" height=\"768\" src=\"https:\/\/boschettodipiemma.it\/wp-content\/uploads\/2021\/03\/Villaggio-pellegrino.jpeg\" class=\"attachment-large size-large\" alt=\"\" loading=\"lazy\" srcset=\"https:\/\/boschettodipiemma.it\/wp-content\/uploads\/2021\/03\/Villaggio-pellegrino.jpeg 1024w, https:\/\/boschettodipiemma.it\/wp-content\/uploads\/2021\/03\/Villaggio-pellegrino-300x225.jpeg 300w\" sizes=\"(max-width: 1024px) 100vw, 1024px\" \/><\/div><\/div><\/div><\/div><\/div><\/div><\/div><\/section>\n","protected":false},"excerpt":{"rendered":"Le Village du P\u00e8lerin Gr\u00e2ce \u00e0 la contribution de la R\u00e9gion Toscane et de l&rsquo;Union Europ\u00e9enne, le Villaggio del Pellegrino est n\u00e9 en 2016. Les 54 lits sont divis\u00e9s en chambres triples, avec salle de bain et douche priv\u00e9, pr\u00eat \u00e0 accueillir tous les p\u00e8lerins en train de voyager le long de la Via Francigena....","protected":false},"author":1,"featured_media":0,"parent":0,"menu_order":0,"comment_status":"closed","ping_status":"closed","template":"","meta":[],"yoast_head":"<!-- This site is optimized with the Yoast SEO plugin v16.0.2 - https:\/\/yoast.com\/wordpress\/plugins\/seo\/ -->\n<title>Le Village du P\u00e8lerin - Campeggio Boschetto di Piemma a San Gimignano<\/title>\n<meta name=\"description\" content=\"Le Village du P\u00e8lerin, en Toscane, est compos\u00e9 de 54 lits. Sur la Via Franchigena, dans le camping village de San Gimignano, Sienne.\" \/>\n<link rel=\"canonical\" href=\"https:\/\/boschettodipiemma.it\/fr\/le-village-du-pelerin\/\" \/>\n<meta property=\"og:locale\" content=\"fr_FR\" \/>\n<meta property=\"og:type\" content=\"article\" \/>\n<meta property=\"og:title\" content=\"Le Village du P\u00e8lerin - Campeggio Boschetto di Piemma a San Gimignano\" \/>\n<meta property=\"og:description\" content=\"Le Village du P\u00e8lerin, en Toscane, est compos\u00e9 de 54 lits. Sur la Via Franchigena, dans le camping village de San Gimignano, Sienne.\" \/>\n<meta property=\"og:url\" content=\"https:\/\/boschettodipiemma.it\/fr\/le-village-du-pelerin\/\" \/>\n<meta property=\"og:site_name\" content=\"Boschetto di Piemma\" \/>\n<meta property=\"article:publisher\" content=\"https:\/\/www.facebook.com\/camping.boschettodipiemma\" \/>\n<meta property=\"article:modified_time\" content=\"2021-03-31T14:37:42+00:00\" \/>\n<meta name=\"twitter:card\" content=\"summary_large_image\" \/>\n<meta name=\"twitter:label1\" content=\"Dur\u00e9e de lecture est.\">\n\t<meta name=\"twitter:data1\" content=\"1 minute\">\n<script type=\"application\/ld+json\" class=\"yoast-schema-graph\">{\"@context\":\"https:\/\/schema.org\",\"@graph\":[{\"@type\":\"WebSite\",\"@id\":\"https:\/\/boschettodipiemma.it\/#website\",\"url\":\"https:\/\/boschettodipiemma.it\/\",\"name\":\"Boschetto di Piemma\",\"description\":\"Campeggio San Gimignano Siena, Camping Village Toscana, Vacanze\",\"potentialAction\":[{\"@type\":\"SearchAction\",\"target\":\"https:\/\/boschettodipiemma.it\/?s={search_term_string}\",\"query-input\":\"required name=search_term_string\"}],\"inLanguage\":\"fr-FR\"},{\"@type\":\"WebPage\",\"@id\":\"https:\/\/boschettodipiemma.it\/fr\/le-village-du-pelerin\/#webpage\",\"url\":\"https:\/\/boschettodipiemma.it\/fr\/le-village-du-pelerin\/\",\"name\":\"Le Village du P\\u00e8lerin - Campeggio Boschetto di Piemma a San Gimignano\",\"isPartOf\":{\"@id\":\"https:\/\/boschettodipiemma.it\/#website\"},\"datePublished\":\"2021-03-31T14:37:41+00:00\",\"dateModified\":\"2021-03-31T14:37:42+00:00\",\"description\":\"Le Village du P\\u00e8lerin, en Toscane, est compos\\u00e9 de 54 lits. Sur la Via Franchigena, dans le camping village de San Gimignano, Sienne.\",\"breadcrumb\":{\"@id\":\"https:\/\/boschettodipiemma.it\/fr\/le-village-du-pelerin\/#breadcrumb\"},\"inLanguage\":\"fr-FR\",\"potentialAction\":[{\"@type\":\"ReadAction\",\"target\":[\"https:\/\/boschettodipiemma.it\/fr\/le-village-du-pelerin\/\"]}]},{\"@type\":\"BreadcrumbList\",\"@id\":\"https:\/\/boschettodipiemma.it\/fr\/le-village-du-pelerin\/#breadcrumb\",\"itemListElement\":[{\"@type\":\"ListItem\",\"position\":1,\"item\":{\"@type\":\"WebPage\",\"@id\":\"https:\/\/boschettodipiemma.it\/fr\/\",\"url\":\"https:\/\/boschettodipiemma.it\/fr\/\",\"name\":\"Home\"}},{\"@type\":\"ListItem\",\"position\":2,\"item\":{\"@type\":\"WebPage\",\"@id\":\"https:\/\/boschettodipiemma.it\/fr\/le-village-du-pelerin\/\",\"url\":\"https:\/\/boschettodipiemma.it\/fr\/le-village-du-pelerin\/\",\"name\":\"Le Village du P\\u00e8lerin\"}}]}]}<\/script>\n<!-- \/ Yoast SEO plugin. -->","_links":{"self":[{"href":"https:\/\/boschettodipiemma.it\/fr\/wp-json\/wp\/v2\/pages\/1095"}],"collection":[{"href":"https:\/\/boschettodipiemma.it\/fr\/wp-json\/wp\/v2\/pages"}],"about":[{"href":"https:\/\/boschettodipiemma.it\/fr\/wp-json\/wp\/v2\/types\/page"}],"author":[{"embeddable":true,"href":"https:\/\/boschettodipiemma.it\/fr\/wp-json\/wp\/v2\/users\/1"}],"replies":[{"embeddable":true,"href":"https:\/\/boschettodipiemma.it\/fr\/wp-json\/wp\/v2\/comments?post=1095"}],"version-history":[{"count":2,"href":"https:\/\/boschettodipiemma.it\/fr\/wp-json\/wp\/v2\/pages\/1095\/revisions"}],"predecessor-version":[{"id":1097,"href":"https:\/\/boschettodipiemma.it\/fr\/wp-json\/wp\/v2\/pages\/1095\/revisions\/1097"}],"wp:attachment":[{"href":"https:\/\/boschettodipiemma.it\/fr\/wp-json\/wp\/v2\/media?parent=1095"}],"curies":[{"name":"wp","href":"https:\/\/api.w.org\/{rel}","templated":true}]}}