{"id":1102,"date":"2021-03-31T14:50:26","date_gmt":"2021-03-31T14:50:26","guid":{"rendered":"http:\/\/boschettodipiemma.it\/san-gimignano\/"},"modified":"2021-03-31T14:50:27","modified_gmt":"2021-03-31T14:50:27","slug":"san-gimignano","status":"publish","type":"page","link":"https:\/\/boschettodipiemma.it\/fr\/san-gimignano\/","title":{"rendered":"San Gimignano"},"content":{"rendered":"<section class=\"l-section wpb_row height_auto\"><div class=\"l-section-h i-cf\"><div class=\"g-cols vc_row type_default valign_top\"><div class=\"vc_col-sm-12 wpb_column vc_column_container\"><div class=\"vc_column-inner\"><div class=\"wpb_wrapper\"><div class=\"ult-spacer spacer-69debba4223ac\" data-id=\"69debba4223ac\" data-height=\"50\" data-height-mobile=\"50\" data-height-tab=\"50\" data-height-tab-portrait=\"\" data-height-mobile-landscape=\"\" style=\"clear:both;display:block;\"><\/div><div class=\"wpb_text_column\" ><div class=\"wpb_wrapper\"><h2 class=\"com-typo__lead-title mod-internal-heading__title mod-internal-heading__title--margin\">San Gimignano<\/h2>\n<\/div><\/div><div class=\"g-cols wpb_row  type_default valign_top vc_inner\"><div class=\"vc_col-sm-3 wpb_column vc_column_container\"><div class=\"vc_column-inner\"><div class=\"wpb_wrapper\"><div class=\"w-hwrapper us_custom_0db20381 align_left valign_top\"><div class=\"ult-spacer spacer-69debba422b8d\" data-id=\"69debba422b8d\" data-height=\"5\" data-height-mobile=\"5\" data-height-tab=\"5\" data-height-tab-portrait=\"\" data-height-mobile-landscape=\"\" style=\"clear:both;display:block;\"><\/div><\/div><\/div><\/div><\/div><div class=\"vc_col-sm-3 wpb_column vc_column_container\"><div class=\"vc_column-inner\"><div class=\"wpb_wrapper\"><\/div><\/div><\/div><div class=\"vc_col-sm-3 wpb_column vc_column_container\"><div class=\"vc_column-inner\"><div class=\"wpb_wrapper\"><\/div><\/div><\/div><div class=\"vc_col-sm-3 wpb_column vc_column_container\"><div class=\"vc_column-inner\"><div class=\"wpb_wrapper\"><\/div><\/div><\/div><\/div><div class=\"ult-spacer spacer-69debba422ca5\" data-id=\"69debba422ca5\" data-height=\"40\" data-height-mobile=\"40\" data-height-tab=\"40\" data-height-tab-portrait=\"\" data-height-mobile-landscape=\"\" style=\"clear:both;display:block;\"><\/div><\/div><\/div><\/div><\/div><\/div><\/section><!-- Row Backgrounds --><div class=\"upb_color\" data-bg-override=\"0\" data-bg-color=\"#e8e8e8\" data-fadeout=\"\" data-fadeout-percentage=\"30\" data-parallax-content=\"\" data-parallax-content-sense=\"30\" data-row-effect-mobile-disable=\"true\" data-img-parallax-mobile-disable=\"true\" data-rtl=\"false\"  data-custom-vc-row=\"\"  data-vc=\"6.6.0\"  data-is_old_vc=\"\"  data-theme-support=\"\"   data-overlay=\"false\" data-overlay-color=\"\" data-overlay-pattern=\"\" data-overlay-pattern-opacity=\"\" data-overlay-pattern-size=\"\"    ><\/div><section class=\"l-section wpb_row height_medium\"><div class=\"l-section-h i-cf\"><div class=\"g-cols vc_row type_default valign_top\"><div class=\"vc_col-sm-6 wpb_column vc_column_container\"><div class=\"vc_column-inner\"><div class=\"wpb_wrapper\"><div class=\"g-cols wpb_row  type_default valign_middle vc_inner\"><div class=\"vc_col-sm-3 vc_hidden-xs wpb_column vc_column_container\"><div class=\"vc_column-inner\"><div class=\"wpb_wrapper\"><div class=\"w-image align_none\"><div class=\"w-image-h\"><img width=\"417\" height=\"387\" src=\"https:\/\/boschettodipiemma.it\/wp-content\/uploads\/2021\/03\/TOWER-GIMIGNANO.png\" class=\"attachment-full size-full\" alt=\"\" loading=\"lazy\" srcset=\"https:\/\/boschettodipiemma.it\/wp-content\/uploads\/2021\/03\/TOWER-GIMIGNANO.png 417w, https:\/\/boschettodipiemma.it\/wp-content\/uploads\/2021\/03\/TOWER-GIMIGNANO-300x278.png 300w\" sizes=\"(max-width: 417px) 100vw, 417px\" \/><\/div><\/div><div class=\"ult-spacer spacer-69debba423a04\" data-id=\"69debba423a04\" data-height=\"15\" data-height-mobile=\"15\" data-height-tab=\"15\" data-height-tab-portrait=\"\" data-height-mobile-landscape=\"\" style=\"clear:both;display:block;\"><\/div><\/div><\/div><\/div><div class=\"vc_col-sm-9 wpb_column vc_column_container\"><div class=\"vc_column-inner\"><div class=\"wpb_wrapper\"><div class=\"wpb_text_column\" ><div class=\"wpb_wrapper\"><h4>La tour: symbole de puissance<\/h4>\n<\/div><\/div><\/div><\/div><\/div><\/div><div class=\"wpb_text_column\" ><div class=\"wpb_wrapper\"><p class=\"com-typo__subtitle com-typo__subtitle--little\">D&rsquo;o\u00f9 que l&rsquo;on arrive, <strong>San Gimignano<\/strong>  s&rsquo;\u00e9l\u00e8ve sur une colline \u00e0 334 m\u00e8tre d&rsquo;altitude avec ses nombreuses tours. Aujourd&rsquo;hui encore on en compte treize. On dit qu&rsquo;au quatorzi\u00e8me si\u00e8cle il y en avait soixante-douze \u00e9gal aux num\u00e9ro des familles ais\u00e9es, les seules \u00e0 pouvoir montrer \u00e0 travers la construction d&rsquo;une tour, leur pouvoir \u00e9conomique. Les premi\u00e8res tours naissent isol\u00e9es dans un tissu parsem\u00e9 bien diff\u00e9rent de ce que nous pouvons voir aujourd&rsquo;hui. Ce qui \u00e0 chang\u00e9 \u00e0 travers le temps est le mode de vie dans la tour. Les espaces \u00e0 l&rsquo;int\u00e9rieur \u00e9taient petits en g\u00e9n\u00e9ral un m\u00e8tre sur deux, les ouvertures \u00e9taient peu nombreuses alors que l&rsquo;\u00e9paisseur des murs d&rsquo;\u00e0 peux pr\u00e8s deux m\u00e8tres d&rsquo;\u00e9paisseur garantissaient fraicheur en \u00e9t\u00e9 et chaleur en hiver. G\u00e9n\u00e9ralement \u00e0 chaque tour \u00e9tait adoss\u00e9es des structures p\u00e9rissables en bois ou en terre. La tour \u00e9tait \u00e0 l&rsquo;\u00e9poque m\u00e9di\u00e9vale le symbole absolu de la puissance par le fait que le processus de construction n&rsquo;\u00e9tait ni simple, ni \u00e9conomique. Il arrivait que les mat\u00e9riaux n\u00e9cessaire \u00e0 la construction viennent de l&rsquo;ext\u00e9rieur, seul les familles influentes qui tiraient leur \u00e9conomie de l&rsquo;activit\u00e9 commerciale pouvaient se permettre de transporter les mat\u00e9riaux jusqu&rsquo;\u00e0 la ville pour l&rsquo;\u00e9dification de la structure.<\/p>\n<p class=\"com-typo__subtitle com-typo__subtitle--little\">L&rsquo;habitation ne s&rsquo;\u00e9tendait pas sur toute la hauteur de la tour. Au rez-de-chauss\u00e9e se trouvait les gardes mang\u00e9, au premier \u00e9tage les chambres et encore au dessus la cuisine. La disposition des espaces suivait les r\u00e8gles les plus \u00e9l\u00e9mentaires, comme les r\u00e8gles de s\u00e9curit\u00e9. La cuisine o\u00f9 l&rsquo;on allume g\u00e9n\u00e9ralement le feu \u00e9tait \u00e0 l&rsquo;\u00e9tage habitable le plus haut afin de pouvoir fuir la tour en cas d&rsquo;incendie.<\/p>\n<\/div><\/div><div class=\"wpb_text_column\" ><div class=\"wpb_wrapper\"><h4 class=\"com-typo__subtitle com-typo__subtitle--little\">Les tours se transforment<\/h4>\n<div class=\"com-typo__text-block\">DPendant le XII\u00e8me si\u00e8cle les transformations qui int\u00e9ressent l&rsquo;\u00e9lite sont dynamis\u00e9es pour une am\u00e9lioration de la vie quotidienne. La n\u00e9cessite d&rsquo;agrandir le nombre des espaces internes et les ouvertures induit de nouveau mod\u00e8les de constructions qui investissent les tours. Le mod\u00e8le de r\u00e9f\u00e9rence pour les tours construites entre la moiti\u00e9 du XII\u00e8me et celle du XIII\u00e8me si\u00e8cle est celle de type pisan (commun\u00e9ment appel\u00e9), pour la grande quantit\u00e9 des \u00e9difices dans la c\u00e9l\u00e8bre puissance maritime toscane. Les \u00e9difices de ce type se reconnaissent par la pr\u00e9sence aux niveaux inferieurs d&rsquo;une ou plusieurs ouvertures hautes et \u00e9troites qui traversent de part en part toute la largeur de la tour.les ouvertures qui se prolongent sur deux ou plusieurs \u00e9tages sont partag\u00e9es, \u00e0 l&rsquo;int\u00e9rieur, par des planchers de bois qui donnent, sur l&rsquo;ext\u00e9rieur, en galeries \u00e9galement en bois. Ces galeries permettaient un agrandissement des espaces au del\u00e0 des parois de la structure.<\/div>\n<\/div><\/div><div class=\"wpb_text_column\" ><div class=\"wpb_wrapper\"><h4 class=\"com-typo__text-block\">Des tours aux immeubles<\/h4>\n<div class=\"com-typo__text-block\">\u00c1 la fin du XII\u00e8me si\u00e8cle au-del\u00e0 des tours respectant le m\u00eame sch\u00e9ma l&rsquo;on construit \u00e9galement des \u00e9difices d&rsquo;hauteur moins importante que l&rsquo;on pourrait d\u00e9j\u00e0 appeler immeuble. Depuis la moiti\u00e9 de ce m\u00eame si\u00e8cle apparait l&rsquo;utilisation de briques avec lesquels on commence \u00e0 construire de vastes \u00e9difices. Durant la moiti\u00e9 du treizi\u00e8me si\u00e8cle on ne construit plus de tour alors que les immeubles sont eux \u00e9difi\u00e9s selon des techniques plus moderne en vogue durant la p\u00e9riode. C&rsquo;est exactement \u00e0 partir de la moiti\u00e9 du m\u00eame si\u00e8cle que les grands centres comme Florence, Pise, Lucques ou Sienne qui se diff\u00e9rencient avec des caract\u00e9ristiques architecturales propres \u00e0 chaque ville. Cela ne sera pas le cas pour San Gimignano, la ville pr\u00e9sente une architecture \u00e9clectique o\u00f9 se confondent les styles des diff\u00e9rentes villes avec lequel la commune \u00e9t\u00e9 en contacte. Se cr\u00e9e comme cela une architecture qui pour cette raison r\u00e9sulte originale, a partir du d\u00e9clin post m\u00e9di\u00e9vale. La croissance \u00e9conomique, architecturale, et culturelle de San Gimignano se termine \u00e0 la moiti\u00e9 du quatorzi\u00e8me si\u00e8cle quand la commune devient annexe de florence. Les \u00e9pid\u00e9mies de peste et les famines de la seconde moiti\u00e9 du si\u00e8cle et de la premi\u00e8re moiti\u00e9 du XV\u00e8me si\u00e8cle d\u00e9ciment la population. Si au d\u00e9but du XIV\u00e8me si\u00e8cle San Gimignano compte 13000 habitants \u00e0 la fin du XV\u00e8me si\u00e8cle sa population est r\u00e9duite \u00e0 3000 habitants. Le San Gimignano post m\u00e9di\u00e9val est donc une terre d\u00e9peupl\u00e9e et d\u00e9cadente. L&rsquo;\u00e9vidente d\u00e9gradation voit s&rsquo;effondrer les tours et les immeubles. Les r\u00e9novations du quinzi\u00e8me sont plut\u00f4t simpliste g\u00e9n\u00e9ralement les fen\u00eatres sont toutes identiques ouvertes sur les \u00e9difices pr\u00e9existant souvent uniformis\u00e9s par des enduits. Dans une p\u00e9riode plus contemporaine la ville \u00e0 \u00e9t\u00e9 capable de r\u00e9pertorier et prendre soin de ses \u0153uvres c&rsquo;est ainsi qu&rsquo;elle a \u00e9t\u00e9 inscrite au <strong>patrimoine mondiale de l&rsquo;humanit\u00e9 par l&rsquo;Unesco<\/strong>.<\/div>\n<\/div><\/div><\/div><\/div><\/div><div class=\"vc_col-sm-6 wpb_column vc_column_container\"><div class=\"vc_column-inner\"><div class=\"wpb_wrapper\"><div class=\"w-slider style_none fit_scaledown\"><div class=\"w-slider-h\"><div class=\"royalSlider\"><div class=\"rsContent\"><a class=\"rsImg\" data-rsw=\"1024\" data-rsh=\"768\" href=\"https:\/\/boschettodipiemma.it\/wp-content\/uploads\/2021\/03\/San_Gimignano_1.jpeg\"><span data-alt=\"\"><\/span><\/a><\/div><div class=\"rsContent\"><a class=\"rsImg\" data-rsw=\"1024\" data-rsh=\"768\" href=\"https:\/\/boschettodipiemma.it\/wp-content\/uploads\/2021\/03\/San_Gimignano_2.jpeg\"><span data-alt=\"\"><\/span><\/a><\/div><div class=\"rsContent\"><a class=\"rsImg\" data-rsw=\"1024\" data-rsh=\"768\" href=\"https:\/\/boschettodipiemma.it\/wp-content\/uploads\/2021\/03\/San_Gimignano_3.jpeg\"><span data-alt=\"\"><\/span><\/a><\/div><div class=\"rsContent\"><a class=\"rsImg\" data-rsw=\"1024\" data-rsh=\"768\" href=\"https:\/\/boschettodipiemma.it\/wp-content\/uploads\/2021\/03\/San_Gimignano_4.jpeg\"><span data-alt=\"\"><\/span><\/a><\/div><div class=\"rsContent\"><a class=\"rsImg\" data-rsw=\"1024\" data-rsh=\"768\" href=\"https:\/\/boschettodipiemma.it\/wp-content\/uploads\/2021\/03\/San_Gimignano_5.jpeg\"><span data-alt=\"\"><\/span><\/a><\/div><div class=\"rsContent\"><a class=\"rsImg\" data-rsw=\"1024\" data-rsh=\"768\" href=\"https:\/\/boschettodipiemma.it\/wp-content\/uploads\/2021\/03\/San_Gimignano_6.jpeg\"><span data-alt=\"\"><\/span><\/a><\/div><div class=\"rsContent\"><a class=\"rsImg\" data-rsw=\"1024\" data-rsh=\"768\" href=\"https:\/\/boschettodipiemma.it\/wp-content\/uploads\/2021\/03\/San_Gimignano_7.jpeg\"><span data-alt=\"\"><\/span><\/a><\/div><div class=\"rsContent\"><a class=\"rsImg\" data-rsw=\"1024\" data-rsh=\"768\" href=\"https:\/\/boschettodipiemma.it\/wp-content\/uploads\/2021\/03\/San_Gimignano_8.jpeg\"><span data-alt=\"\"><\/span><\/a><\/div><div class=\"rsContent\"><a class=\"rsImg\" data-rsw=\"1024\" data-rsh=\"768\" href=\"https:\/\/boschettodipiemma.it\/wp-content\/uploads\/2021\/03\/San_Gimignano_9.jpeg\"><span data-alt=\"\"><\/span><\/a><\/div><div class=\"rsContent\"><a class=\"rsImg\" data-rsw=\"1024\" data-rsh=\"768\" href=\"https:\/\/boschettodipiemma.it\/wp-content\/uploads\/2021\/03\/San_Gimignano_10.jpeg\"><span data-alt=\"\"><\/span><\/a><\/div><\/div><img src=\"https:\/\/boschettodipiemma.it\/wp-content\/uploads\/2021\/03\/San_Gimignano_1.jpeg\" width=\"1024\" height=\"768\" alt loading=\"lazy\"><\/div><div class=\"w-slider-json\" onclick='return {&quot;loop&quot;:true,&quot;fadeInLoadedSlide&quot;:false,&quot;slidesSpacing&quot;:0,&quot;imageScalePadding&quot;:0,&quot;numImagesToPreload&quot;:2,&quot;arrowsNav&quot;:true,&quot;arrowsNavAutoHide&quot;:false,&quot;transitionType&quot;:&quot;move&quot;,&quot;transitionSpeed&quot;:300,&quot;block&quot;:{&quot;moveEffect&quot;:&quot;none&quot;,&quot;speed&quot;:300},&quot;controlNavigation&quot;:&quot;none&quot;,&quot;autoplay&quot;:{&quot;enabled&quot;:true,&quot;pauseOnHover&quot;:false,&quot;delay&quot;:2000},&quot;imageScaleMode&quot;:&quot;fit-if-smaller&quot;,&quot;autoScaleSlider&quot;:true,&quot;autoScaleSliderWidth&quot;:1024,&quot;autoScaleSliderHeight&quot;:768,&quot;fitInViewport&quot;:false}'><\/div><\/div><\/div><\/div><\/div><\/div><\/div><\/section>\n","protected":false},"excerpt":{"rendered":"San Gimignano La tour: symbole de puissance D&rsquo;o\u00f9 que l&rsquo;on arrive, San Gimignano s&rsquo;\u00e9l\u00e8ve sur une colline \u00e0 334 m\u00e8tre d&rsquo;altitude avec ses nombreuses tours. Aujourd&rsquo;hui encore on en compte treize. On dit qu&rsquo;au quatorzi\u00e8me si\u00e8cle il y en avait soixante-douze \u00e9gal aux num\u00e9ro des familles ais\u00e9es, les seules \u00e0 pouvoir montrer \u00e0 travers la...","protected":false},"author":1,"featured_media":0,"parent":0,"menu_order":0,"comment_status":"closed","ping_status":"closed","template":"","meta":[],"yoast_head":"<!-- This site is optimized with the Yoast SEO plugin v16.0.2 - https:\/\/yoast.com\/wordpress\/plugins\/seo\/ -->\n<title>San Gimignano - Campeggio Boschetto di Piemma a San Gimignano<\/title>\n<meta name=\"description\" content=\"Pour un s\u00e9jour de d\u00e9tente, de culture et de sport r\u00e9servez le camping de San Gimignano, la ville des tours. Visitez San Gimignano et la Toscane.\" \/>\n<link rel=\"canonical\" href=\"https:\/\/boschettodipiemma.it\/fr\/san-gimignano\/\" \/>\n<meta property=\"og:locale\" content=\"fr_FR\" \/>\n<meta property=\"og:type\" content=\"article\" \/>\n<meta property=\"og:title\" content=\"San Gimignano - Campeggio Boschetto di Piemma a San Gimignano\" \/>\n<meta property=\"og:description\" content=\"Pour un s\u00e9jour de d\u00e9tente, de culture et de sport r\u00e9servez le camping de San Gimignano, la ville des tours. Visitez San Gimignano et la Toscane.\" \/>\n<meta property=\"og:url\" content=\"https:\/\/boschettodipiemma.it\/fr\/san-gimignano\/\" \/>\n<meta property=\"og:site_name\" content=\"Boschetto di Piemma\" \/>\n<meta property=\"article:publisher\" content=\"https:\/\/www.facebook.com\/camping.boschettodipiemma\" \/>\n<meta property=\"article:modified_time\" content=\"2021-03-31T14:50:27+00:00\" \/>\n<meta name=\"twitter:card\" content=\"summary_large_image\" \/>\n<meta name=\"twitter:label1\" content=\"Dur\u00e9e de lecture est.\">\n\t<meta name=\"twitter:data1\" content=\"5 minutes\">\n<script type=\"application\/ld+json\" class=\"yoast-schema-graph\">{\"@context\":\"https:\/\/schema.org\",\"@graph\":[{\"@type\":\"WebSite\",\"@id\":\"https:\/\/boschettodipiemma.it\/#website\",\"url\":\"https:\/\/boschettodipiemma.it\/\",\"name\":\"Boschetto di Piemma\",\"description\":\"Campeggio San Gimignano Siena, Camping Village Toscana, Vacanze\",\"potentialAction\":[{\"@type\":\"SearchAction\",\"target\":\"https:\/\/boschettodipiemma.it\/?s={search_term_string}\",\"query-input\":\"required name=search_term_string\"}],\"inLanguage\":\"fr-FR\"},{\"@type\":\"WebPage\",\"@id\":\"https:\/\/boschettodipiemma.it\/fr\/san-gimignano\/#webpage\",\"url\":\"https:\/\/boschettodipiemma.it\/fr\/san-gimignano\/\",\"name\":\"San Gimignano - Campeggio Boschetto di Piemma a San Gimignano\",\"isPartOf\":{\"@id\":\"https:\/\/boschettodipiemma.it\/#website\"},\"datePublished\":\"2021-03-31T14:50:26+00:00\",\"dateModified\":\"2021-03-31T14:50:27+00:00\",\"description\":\"Pour un s\\u00e9jour de d\\u00e9tente, de culture et de sport r\\u00e9servez le camping de San Gimignano, la ville des tours. Visitez San Gimignano et la Toscane.\",\"breadcrumb\":{\"@id\":\"https:\/\/boschettodipiemma.it\/fr\/san-gimignano\/#breadcrumb\"},\"inLanguage\":\"fr-FR\",\"potentialAction\":[{\"@type\":\"ReadAction\",\"target\":[\"https:\/\/boschettodipiemma.it\/fr\/san-gimignano\/\"]}]},{\"@type\":\"BreadcrumbList\",\"@id\":\"https:\/\/boschettodipiemma.it\/fr\/san-gimignano\/#breadcrumb\",\"itemListElement\":[{\"@type\":\"ListItem\",\"position\":1,\"item\":{\"@type\":\"WebPage\",\"@id\":\"https:\/\/boschettodipiemma.it\/fr\/\",\"url\":\"https:\/\/boschettodipiemma.it\/fr\/\",\"name\":\"Home\"}},{\"@type\":\"ListItem\",\"position\":2,\"item\":{\"@type\":\"WebPage\",\"@id\":\"https:\/\/boschettodipiemma.it\/fr\/san-gimignano\/\",\"url\":\"https:\/\/boschettodipiemma.it\/fr\/san-gimignano\/\",\"name\":\"San Gimignano\"}}]}]}<\/script>\n<!-- \/ Yoast SEO plugin. -->","_links":{"self":[{"href":"https:\/\/boschettodipiemma.it\/fr\/wp-json\/wp\/v2\/pages\/1102"}],"collection":[{"href":"https:\/\/boschettodipiemma.it\/fr\/wp-json\/wp\/v2\/pages"}],"about":[{"href":"https:\/\/boschettodipiemma.it\/fr\/wp-json\/wp\/v2\/types\/page"}],"author":[{"embeddable":true,"href":"https:\/\/boschettodipiemma.it\/fr\/wp-json\/wp\/v2\/users\/1"}],"replies":[{"embeddable":true,"href":"https:\/\/boschettodipiemma.it\/fr\/wp-json\/wp\/v2\/comments?post=1102"}],"version-history":[{"count":2,"href":"https:\/\/boschettodipiemma.it\/fr\/wp-json\/wp\/v2\/pages\/1102\/revisions"}],"predecessor-version":[{"id":1104,"href":"https:\/\/boschettodipiemma.it\/fr\/wp-json\/wp\/v2\/pages\/1102\/revisions\/1104"}],"wp:attachment":[{"href":"https:\/\/boschettodipiemma.it\/fr\/wp-json\/wp\/v2\/media?parent=1102"}],"curies":[{"name":"wp","href":"https:\/\/api.w.org\/{rel}","templated":true}]}}