{"id":1126,"date":"2021-04-01T06:59:45","date_gmt":"2021-04-01T06:59:45","guid":{"rendered":"http:\/\/boschettodipiemma.it\/emplacement\/"},"modified":"2021-07-23T09:28:27","modified_gmt":"2021-07-23T09:28:27","slug":"emplacement","status":"publish","type":"page","link":"https:\/\/boschettodipiemma.it\/fr\/emplacement\/","title":{"rendered":"Emplacement"},"content":{"rendered":"<section class=\"l-section wpb_row height_auto\"><div class=\"l-section-h i-cf\"><div class=\"g-cols vc_row type_default valign_top\"><div class=\"vc_col-sm-12 wpb_column vc_column_container\"><div class=\"vc_column-inner\"><div class=\"wpb_wrapper\"><div class=\"ult-spacer spacer-69e38b75771bd\" data-id=\"69e38b75771bd\" data-height=\"50\" data-height-mobile=\"50\" data-height-tab=\"50\" data-height-tab-portrait=\"\" data-height-mobile-landscape=\"\" style=\"clear:both;display:block;\"><\/div><div class=\"wpb_text_column\" ><div class=\"wpb_wrapper\"><h2 class=\"com-typo__lead-title mod-internal-heading__title mod-internal-heading__title--margin\">Emplacement<\/h2>\n<\/div><\/div><div class=\"g-cols wpb_row  type_default valign_top vc_inner\"><div class=\"vc_col-sm-2 wpb_column vc_column_container\"><div class=\"vc_column-inner\"><div class=\"wpb_wrapper\"><div class=\"w-hwrapper us_custom_0db20381 align_left valign_top\"><div class=\"ult-spacer spacer-69e38b7577801\" data-id=\"69e38b7577801\" data-height=\"5\" data-height-mobile=\"5\" data-height-tab=\"5\" data-height-tab-portrait=\"\" data-height-mobile-landscape=\"\" style=\"clear:both;display:block;\"><\/div><\/div><\/div><\/div><\/div><div class=\"vc_col-sm-10 wpb_column vc_column_container\"><div class=\"vc_column-inner\"><div class=\"wpb_wrapper\"><\/div><\/div><\/div><\/div><div class=\"ult-spacer spacer-69e38b7577883\" data-id=\"69e38b7577883\" data-height=\"40\" data-height-mobile=\"40\" data-height-tab=\"40\" data-height-tab-portrait=\"\" data-height-mobile-landscape=\"\" style=\"clear:both;display:block;\"><\/div><\/div><\/div><\/div><\/div><\/div><\/section><!-- Row Backgrounds --><div class=\"upb_color\" data-bg-override=\"0\" data-bg-color=\"#e8e8e8\" data-fadeout=\"\" data-fadeout-percentage=\"30\" data-parallax-content=\"\" data-parallax-content-sense=\"30\" data-row-effect-mobile-disable=\"true\" data-img-parallax-mobile-disable=\"true\" data-rtl=\"false\"  data-custom-vc-row=\"\"  data-vc=\"6.6.0\"  data-is_old_vc=\"\"  data-theme-support=\"\"   data-overlay=\"false\" data-overlay-color=\"\" data-overlay-pattern=\"\" data-overlay-pattern-opacity=\"\" data-overlay-pattern-size=\"\"    ><\/div><section class=\"l-section wpb_row us_custom_1f5f827b height_small\"><div class=\"l-section-h i-cf\"><div class=\"g-cols vc_row type_default valign_top\"><div class=\"vc_col-sm-12 wpb_column vc_column_container\"><div class=\"vc_column-inner\"><div class=\"wpb_wrapper\">[vc_raw_html]JTA5JTNDc2NyaXB0JTIwdHlwZSUzRCUyMnRleHQlMkZqYXZhc2NyaXB0JTIyJTIwc3JjJTNEJTIyJTJGd3AtaW5jbHVkZXMlMkZqcyUyRmdsb2JhbGl6ZSUyRmdsb2JhbGl6ZS1pdC5qcyUyMiUzRSUzQyUyRnNjcmlwdCUzRSUwQSUwQSUwOSUzQyUyMS0tJTNDbGluayUyMHJlbCUzRCUyMnN0eWxlc2hlZXQlMjIlMjBocmVmJTNEJTIyJTJGd3AtaW5jbHVkZXMlMkZjc3MlMkZ2ZXJ0aWNhbC5jc3MlMjIlMjAlMkYlM0UtLSUzRSUwQSUwOSUzQ2xpbmslMjByZWwlM0QlMjJzdHlsZXNoZWV0JTIyJTIwaHJlZiUzRCUyMiUyRndwLWluY2x1ZGVzJTJGY3NzJTJGaG9yaXpvbnRhbC5jc3MlMjIlMjAlMkYlM0UlMEElMEElMEElMDklM0MlMjEtLSUyMGNvbnRlbml0b3JlJTIwd2lkZ2V0JTIwZGklMjByaWNlcmNhJTIwLS0lM0UlMEElMDklM0NkaXYlMjBpZCUzRCUyMmJvb2tpbmdleHBlcnQlMjIlM0UlMEElMDklMDklM0NkaXYlMjBpZCUzRCUyMnNlYXJjaGJveCUyMiUzRSUzQyUyRmRpdiUzRSUwQSUwOSUzQyUyRmRpdiUzRSUwQSUwQSUwOSUzQyUyMS0tJTIwc2NyaXB0cyUyMHBlciUyMGlsJTIwY2FyaWNhbWVudG8lMjBkZWklMjB3aWRnZXQlMjAtLSUzRSUwQSUwOSUzQ3NjcmlwdCUyMHNyYyUzRCUyMmh0dHBzJTNBJTJGJTJGYmUuYm9va2luZ2V4cGVydC5pdCUyRmJvb2slMkZ3ZWJzaXRlcyUyRnNlYXJjaGJveCUzRmhvdGVsJTNEMTQwODMlMjZsYW5nJTNEZnIlMjIlM0UlM0MlMkZzY3JpcHQlM0UlMEElMDklM0NzY3JpcHQlM0VpdC5ib29raW5nZXhwZXJ0LlNlYXJjaEJveC5sb2FkJTI4JTI3c2VhcmNoYm94JTI3JTJDJTIwJTI3RGVmYXVsdCUyNyUyOSUzQiUzQyUyRnNjcmlwdCUzRQ==[\/vc_raw_html]<\/div><\/div><\/div><\/div><\/div><\/section><section class=\"l-section wpb_row height_medium\"><div class=\"l-section-h i-cf\"><div class=\"g-cols vc_row type_default valign_top\"><div class=\"vc_col-sm-12 wpb_column vc_column_container\"><div class=\"vc_column-inner\"><div class=\"wpb_wrapper\"><div class=\"w-grid type_grid layout_32 cols_3\" id=\"us_grid_1\" data-filterable=\"true\"><style id=\"us_grid_1_css\">#us_grid_1 .w-grid-item{padding:1.5rem}#us_grid_1 .w-grid-list{margin:-1.5rem}.w-grid + #us_grid_1 .w-grid-list{margin-top:1.5rem}@media (max-width:899px){#us_grid_1 .w-grid-item{width:50.0000%}}@media (max-width:599px){#us_grid_1 .w-grid-list{margin:0}#us_grid_1 .w-grid-item{width:100.0000%;padding:0;margin-bottom:1.5rem}}<\/style><style>.layout_32 .w-grid-item-h{}.layout_32 .usg_vwrapper_1{color:#333!important;background:#f5f5f5!important}.layout_32 .usg_post_title_1{color:#c33e38!important;margin-left:20px!important;margin-top:20px!important;margin-right:20px!important}.layout_32 .usg_hwrapper_1{margin:20px!important}<\/style><div class=\"w-grid-list\" >\t<article class=\"w-grid-item size_1x1 post-1229 us_portfolio type-us_portfolio status-publish has-post-thumbnail hentry us_portfolio_category-emplacement\" data-id=\"1229\">\r\n\t\t<div class=\"w-grid-item-h\">\r\n\t\t\t\t\t\t<div class=\"w-post-elm post_image usg_post_image_1 stretched\"><a href=\"https:\/\/boschettodipiemma.it\/fr\/logement\/emplacement-tente-1-8-pers\/\" aria-label=\"Emplacement \u00bb Tente (1-8 pers.)\"><img width=\"1024\" height=\"768\" src=\"https:\/\/boschettodipiemma.it\/wp-content\/uploads\/2021\/03\/Camping-boschetto-di-piemma-san-gimignano-piazzola-tenda_2.jpeg\" class=\"attachment-full size-full wp-post-image\" alt=\"\" loading=\"lazy\" srcset=\"https:\/\/boschettodipiemma.it\/wp-content\/uploads\/2021\/03\/Camping-boschetto-di-piemma-san-gimignano-piazzola-tenda_2.jpeg 1024w, https:\/\/boschettodipiemma.it\/wp-content\/uploads\/2021\/03\/Camping-boschetto-di-piemma-san-gimignano-piazzola-tenda_2-300x225.jpeg 300w\" sizes=\"(max-width: 1024px) 100vw, 1024px\" \/><\/a><\/div><div class=\"w-vwrapper usg_vwrapper_1 align_left valign_middle\"><h5 class=\"w-post-elm post_title usg_post_title_1 entry-title has_text_color\"><a href=\"https:\/\/boschettodipiemma.it\/fr\/logement\/emplacement-tente-1-8-pers\/\">Emplacement \u00bb Tente (1-8 pers.)<\/a><\/h5><div class=\"w-hwrapper usg_hwrapper_1 align_left valign_top\"><div class=\"w-text usg_text_1\"><span class=\"w-text-h\"><i class=\"fas fa-male\"><\/i><span class=\"w-text-value\"><\/span><\/span><\/div><div class=\"w-post-elm post_content usg_post_content_1\"><p>8 personnes<\/p>\n<\/div><\/div><\/div>\t\t<\/div>\r\n\t<\/article>\r\n\t<article class=\"w-grid-item size_1x1 post-1225 us_portfolio type-us_portfolio status-publish has-post-thumbnail hentry us_portfolio_category-emplacement\" data-id=\"1225\">\r\n\t\t<div class=\"w-grid-item-h\">\r\n\t\t\t\t\t\t<div class=\"w-post-elm post_image usg_post_image_1 stretched\"><a href=\"https:\/\/boschettodipiemma.it\/fr\/logement\/emplacement-tente-remorque-1-8-pers\/\" aria-label=\"Emplacement \u00bb Tente Remorque (1-8 pers.)\"><img width=\"1024\" height=\"768\" src=\"https:\/\/boschettodipiemma.it\/wp-content\/uploads\/2021\/03\/Camping-boschetto-di-piemma-san-gimignano-piazzola-tenda_3.jpeg\" class=\"attachment-full size-full wp-post-image\" alt=\"\" loading=\"lazy\" srcset=\"https:\/\/boschettodipiemma.it\/wp-content\/uploads\/2021\/03\/Camping-boschetto-di-piemma-san-gimignano-piazzola-tenda_3.jpeg 1024w, https:\/\/boschettodipiemma.it\/wp-content\/uploads\/2021\/03\/Camping-boschetto-di-piemma-san-gimignano-piazzola-tenda_3-300x225.jpeg 300w\" sizes=\"(max-width: 1024px) 100vw, 1024px\" \/><\/a><\/div><div class=\"w-vwrapper usg_vwrapper_1 align_left valign_middle\"><h5 class=\"w-post-elm post_title usg_post_title_1 entry-title has_text_color\"><a href=\"https:\/\/boschettodipiemma.it\/fr\/logement\/emplacement-tente-remorque-1-8-pers\/\">Emplacement \u00bb Tente Remorque (1-8 pers.)<\/a><\/h5><div class=\"w-hwrapper usg_hwrapper_1 align_left valign_top\"><div class=\"w-text usg_text_1\"><span class=\"w-text-h\"><i class=\"fas fa-male\"><\/i><span class=\"w-text-value\"><\/span><\/span><\/div><div class=\"w-post-elm post_content usg_post_content_1\"><p>8 personnes<\/p>\n<\/div><\/div><\/div>\t\t<\/div>\r\n\t<\/article>\r\n\t<article class=\"w-grid-item size_1x1 post-1210 us_portfolio type-us_portfolio status-publish has-post-thumbnail hentry us_portfolio_category-emplacement\" data-id=\"1210\">\r\n\t\t<div class=\"w-grid-item-h\">\r\n\t\t\t\t\t\t<div class=\"w-post-elm post_image usg_post_image_1 stretched\"><a href=\"https:\/\/boschettodipiemma.it\/fr\/logement\/emplacement-camping-car-1-8-pers\/\" aria-label=\"Emplacement \u00bb Camping-car (1-8 pers.)\"><img width=\"1024\" height=\"768\" src=\"https:\/\/boschettodipiemma.it\/wp-content\/uploads\/2021\/03\/Camping-boschetto-di-piemma-san-gimignano-piazzola-camper_1.jpeg\" class=\"attachment-full size-full wp-post-image\" alt=\"\" loading=\"lazy\" srcset=\"https:\/\/boschettodipiemma.it\/wp-content\/uploads\/2021\/03\/Camping-boschetto-di-piemma-san-gimignano-piazzola-camper_1.jpeg 1024w, https:\/\/boschettodipiemma.it\/wp-content\/uploads\/2021\/03\/Camping-boschetto-di-piemma-san-gimignano-piazzola-camper_1-300x225.jpeg 300w\" sizes=\"(max-width: 1024px) 100vw, 1024px\" \/><\/a><\/div><div class=\"w-vwrapper usg_vwrapper_1 align_left valign_middle\"><h5 class=\"w-post-elm post_title usg_post_title_1 entry-title has_text_color\"><a href=\"https:\/\/boschettodipiemma.it\/fr\/logement\/emplacement-camping-car-1-8-pers\/\">Emplacement \u00bb Camping-car (1-8 pers.)<\/a><\/h5><div class=\"w-hwrapper usg_hwrapper_1 align_left valign_top\"><div class=\"w-text usg_text_1\"><span class=\"w-text-h\"><i class=\"fas fa-male\"><\/i><span class=\"w-text-value\"><\/span><\/span><\/div><div class=\"w-post-elm post_content usg_post_content_1\"><p>8 personnes<\/p>\n<\/div><\/div><\/div>\t\t<\/div>\r\n\t<\/article>\r\n\t<article class=\"w-grid-item size_1x1 post-1204 us_portfolio type-us_portfolio status-publish has-post-thumbnail hentry us_portfolio_category-emplacement\" data-id=\"1204\">\r\n\t\t<div class=\"w-grid-item-h\">\r\n\t\t\t\t\t\t<div class=\"w-post-elm post_image usg_post_image_1 stretched\"><a href=\"https:\/\/boschettodipiemma.it\/fr\/logement\/emplacement-caravane-1-8-pers\/\" aria-label=\"Emplacement \u00bb Caravane (1-8 pers.)\"><img width=\"1024\" height=\"768\" src=\"https:\/\/boschettodipiemma.it\/wp-content\/uploads\/2021\/03\/Camping-boschetto-di-piemma-san-gimignano-piazzola-caravan_1.jpeg\" class=\"attachment-full size-full wp-post-image\" alt=\"\" loading=\"lazy\" srcset=\"https:\/\/boschettodipiemma.it\/wp-content\/uploads\/2021\/03\/Camping-boschetto-di-piemma-san-gimignano-piazzola-caravan_1.jpeg 1024w, https:\/\/boschettodipiemma.it\/wp-content\/uploads\/2021\/03\/Camping-boschetto-di-piemma-san-gimignano-piazzola-caravan_1-300x225.jpeg 300w\" sizes=\"(max-width: 1024px) 100vw, 1024px\" \/><\/a><\/div><div class=\"w-vwrapper usg_vwrapper_1 align_left valign_middle\"><h5 class=\"w-post-elm post_title usg_post_title_1 entry-title has_text_color\"><a href=\"https:\/\/boschettodipiemma.it\/fr\/logement\/emplacement-caravane-1-8-pers\/\">Emplacement \u00bb Caravane (1-8 pers.)<\/a><\/h5><div class=\"w-hwrapper usg_hwrapper_1 align_left valign_top\"><div class=\"w-text usg_text_1\"><span class=\"w-text-h\"><i class=\"fas fa-male\"><\/i><span class=\"w-text-value\"><\/span><\/span><\/div><div class=\"w-post-elm post_content usg_post_content_1\"><p>8 personnes<\/p>\n<\/div><\/div><\/div>\t\t<\/div>\r\n\t<\/article>\r\n<\/div><div class=\"w-grid-preloader\"><div class=\"g-preloader type_1\">\r\n\t<div><\/div>\r\n<\/div>\r\n<\/div>\t<div class=\"w-grid-json hidden\" onclick='return {&quot;action&quot;:&quot;us_ajax_grid&quot;,&quot;ajax_url&quot;:&quot;https:\\\/\\\/boschettodipiemma.it\\\/wp-admin\\\/admin-ajax.php&quot;,&quot;infinite_scroll&quot;:0,&quot;max_num_pages&quot;:1,&quot;pagination&quot;:&quot;none&quot;,&quot;permalink_url&quot;:&quot;https:\\\/\\\/boschettodipiemma.it\\\/fr\\\/wp-json\\\/wp\\\/v2\\\/pages\\\/1126\\\/&quot;,&quot;template_vars&quot;:{&quot;columns&quot;:&quot;3&quot;,&quot;exclude_items&quot;:&quot;none&quot;,&quot;img_size&quot;:&quot;default&quot;,&quot;ignore_items_size&quot;:false,&quot;items_layout&quot;:&quot;32&quot;,&quot;items_offset&quot;:&quot;1&quot;,&quot;load_animation&quot;:&quot;none&quot;,&quot;overriding_link&quot;:&quot;none&quot;,&quot;post_id&quot;:1126,&quot;query_args&quot;:{&quot;post_type&quot;:[&quot;us_portfolio&quot;],&quot;tax_query&quot;:[{&quot;taxonomy&quot;:&quot;us_portfolio_category&quot;,&quot;field&quot;:&quot;slug&quot;,&quot;terms&quot;:[&quot;emplacement&quot;]}],&quot;post_status&quot;:[&quot;publish&quot;,&quot;dp-rewrite-republish&quot;],&quot;posts_per_page&quot;:999},&quot;orderby_query_args&quot;:{&quot;orderby&quot;:{&quot;date&quot;:&quot;DESC&quot;}},&quot;type&quot;:&quot;grid&quot;,&quot;us_grid_ajax_index&quot;:1,&quot;us_grid_filter_params&quot;:null,&quot;us_grid_index&quot;:1,&quot;_us_grid_post_type&quot;:&quot;us_portfolio&quot;,&quot;lang&quot;:&quot;fr&quot;}}'><\/div>\r\n\t<\/div><\/div><\/div><\/div><\/div><\/div><\/section>\n","protected":false},"excerpt":{"rendered":"AccueilPortfolioEmplacement \u00bb Caravane (1-8 pers.) Description Le Boschetto di Piemma est id\u00e9al pour les familles qui d\u00e9sirent profiter d&rsquo;un s\u00e9jour en Toscane sous le signe de la tranquillit\u00e9, pour tous ceux qui souhaite passer un s\u00e9jour en contact avec la nature ainsi que pour ceux qui souhaite conjuguer tourisme et sport, gr\u00e2ce \u00e0 nos terrains...","protected":false},"author":1,"featured_media":0,"parent":0,"menu_order":0,"comment_status":"closed","ping_status":"closed","template":"","meta":[],"yoast_head":"<!-- This site is optimized with the Yoast SEO plugin v16.0.2 - https:\/\/yoast.com\/wordpress\/plugins\/seo\/ -->\n<title>Emplacement - Campeggio Boschetto di Piemma a San Gimignano<\/title>\n<meta name=\"description\" content=\"Choisissez le logement qui convient le mieux \u00e0 vos besoins pour vos vacances \u00e0 San Gimignano, Toscane. Mobile home et emplacement pour tente et caravan.\" \/>\n<link rel=\"canonical\" href=\"https:\/\/boschettodipiemma.it\/fr\/emplacement\/\" \/>\n<meta property=\"og:locale\" content=\"fr_FR\" \/>\n<meta property=\"og:type\" content=\"article\" \/>\n<meta property=\"og:title\" content=\"Emplacement - Campeggio Boschetto di Piemma a San Gimignano\" \/>\n<meta property=\"og:description\" content=\"Choisissez le logement qui convient le mieux \u00e0 vos besoins pour vos vacances \u00e0 San Gimignano, Toscane. Mobile home et emplacement pour tente et caravan.\" \/>\n<meta property=\"og:url\" content=\"https:\/\/boschettodipiemma.it\/fr\/emplacement\/\" \/>\n<meta property=\"og:site_name\" content=\"Boschetto di Piemma\" \/>\n<meta property=\"article:publisher\" content=\"https:\/\/www.facebook.com\/camping.boschettodipiemma\" \/>\n<meta property=\"article:modified_time\" content=\"2021-07-23T09:28:27+00:00\" \/>\n<meta name=\"twitter:card\" content=\"summary_large_image\" \/>\n<meta name=\"twitter:label1\" content=\"Dur\u00e9e de lecture est.\">\n\t<meta name=\"twitter:data1\" content=\"1 minute\">\n<script type=\"application\/ld+json\" class=\"yoast-schema-graph\">{\"@context\":\"https:\/\/schema.org\",\"@graph\":[{\"@type\":\"WebSite\",\"@id\":\"https:\/\/boschettodipiemma.it\/#website\",\"url\":\"https:\/\/boschettodipiemma.it\/\",\"name\":\"Boschetto di Piemma\",\"description\":\"Campeggio San Gimignano Siena, Camping Village Toscana, Vacanze\",\"potentialAction\":[{\"@type\":\"SearchAction\",\"target\":\"https:\/\/boschettodipiemma.it\/?s={search_term_string}\",\"query-input\":\"required name=search_term_string\"}],\"inLanguage\":\"fr-FR\"},{\"@type\":\"WebPage\",\"@id\":\"https:\/\/boschettodipiemma.it\/fr\/emplacement\/#webpage\",\"url\":\"https:\/\/boschettodipiemma.it\/fr\/emplacement\/\",\"name\":\"Emplacement - Campeggio Boschetto di Piemma a San Gimignano\",\"isPartOf\":{\"@id\":\"https:\/\/boschettodipiemma.it\/#website\"},\"datePublished\":\"2021-04-01T06:59:45+00:00\",\"dateModified\":\"2021-07-23T09:28:27+00:00\",\"description\":\"Choisissez le logement qui convient le mieux \\u00e0 vos besoins pour vos vacances \\u00e0 San Gimignano, Toscane. Mobile home et emplacement pour tente et caravan.\",\"breadcrumb\":{\"@id\":\"https:\/\/boschettodipiemma.it\/fr\/emplacement\/#breadcrumb\"},\"inLanguage\":\"fr-FR\",\"potentialAction\":[{\"@type\":\"ReadAction\",\"target\":[\"https:\/\/boschettodipiemma.it\/fr\/emplacement\/\"]}]},{\"@type\":\"BreadcrumbList\",\"@id\":\"https:\/\/boschettodipiemma.it\/fr\/emplacement\/#breadcrumb\",\"itemListElement\":[{\"@type\":\"ListItem\",\"position\":1,\"item\":{\"@type\":\"WebPage\",\"@id\":\"https:\/\/boschettodipiemma.it\/fr\/\",\"url\":\"https:\/\/boschettodipiemma.it\/fr\/\",\"name\":\"Home\"}},{\"@type\":\"ListItem\",\"position\":2,\"item\":{\"@type\":\"WebPage\",\"@id\":\"https:\/\/boschettodipiemma.it\/fr\/emplacement\/\",\"url\":\"https:\/\/boschettodipiemma.it\/fr\/emplacement\/\",\"name\":\"Emplacement\"}}]}]}<\/script>\n<!-- \/ Yoast SEO plugin. -->","_links":{"self":[{"href":"https:\/\/boschettodipiemma.it\/fr\/wp-json\/wp\/v2\/pages\/1126"}],"collection":[{"href":"https:\/\/boschettodipiemma.it\/fr\/wp-json\/wp\/v2\/pages"}],"about":[{"href":"https:\/\/boschettodipiemma.it\/fr\/wp-json\/wp\/v2\/types\/page"}],"author":[{"embeddable":true,"href":"https:\/\/boschettodipiemma.it\/fr\/wp-json\/wp\/v2\/users\/1"}],"replies":[{"embeddable":true,"href":"https:\/\/boschettodipiemma.it\/fr\/wp-json\/wp\/v2\/comments?post=1126"}],"version-history":[{"count":3,"href":"https:\/\/boschettodipiemma.it\/fr\/wp-json\/wp\/v2\/pages\/1126\/revisions"}],"predecessor-version":[{"id":1760,"href":"https:\/\/boschettodipiemma.it\/fr\/wp-json\/wp\/v2\/pages\/1126\/revisions\/1760"}],"wp:attachment":[{"href":"https:\/\/boschettodipiemma.it\/fr\/wp-json\/wp\/v2\/media?parent=1126"}],"curies":[{"name":"wp","href":"https:\/\/api.w.org\/{rel}","templated":true}]}}