{"id":1132,"date":"2021-04-01T07:04:46","date_gmt":"2021-04-01T07:04:46","guid":{"rendered":"http:\/\/boschettodipiemma.it\/mobil-home\/"},"modified":"2021-07-23T09:26:34","modified_gmt":"2021-07-23T09:26:34","slug":"mobil-home","status":"publish","type":"page","link":"https:\/\/boschettodipiemma.it\/fr\/mobil-home\/","title":{"rendered":"Mobil home"},"content":{"rendered":"<section class=\"l-section wpb_row height_auto\"><div class=\"l-section-h i-cf\"><div class=\"g-cols vc_row type_default valign_top\"><div class=\"vc_col-sm-12 wpb_column vc_column_container\"><div class=\"vc_column-inner\"><div class=\"wpb_wrapper\"><div class=\"ult-spacer spacer-69db0ea228bb2\" data-id=\"69db0ea228bb2\" data-height=\"50\" data-height-mobile=\"50\" data-height-tab=\"50\" data-height-tab-portrait=\"\" data-height-mobile-landscape=\"\" style=\"clear:both;display:block;\"><\/div><div class=\"wpb_text_column\" ><div class=\"wpb_wrapper\"><h2 class=\"com-typo__lead-title mod-internal-heading__title mod-internal-heading__title--margin\">Mobil home<\/h2>\n<\/div><\/div><div class=\"g-cols wpb_row  type_default valign_top vc_inner\"><div class=\"vc_col-sm-3 wpb_column vc_column_container\"><div class=\"vc_column-inner\"><div class=\"wpb_wrapper\"><div class=\"w-hwrapper us_custom_0db20381 align_left valign_top\"><div class=\"ult-spacer spacer-69db0ea229534\" data-id=\"69db0ea229534\" data-height=\"5\" data-height-mobile=\"5\" data-height-tab=\"5\" data-height-tab-portrait=\"\" data-height-mobile-landscape=\"\" style=\"clear:both;display:block;\"><\/div><\/div><\/div><\/div><\/div><div class=\"vc_col-sm-3 wpb_column vc_column_container\"><div class=\"vc_column-inner\"><div class=\"wpb_wrapper\"><\/div><\/div><\/div><div class=\"vc_col-sm-3 wpb_column vc_column_container\"><div class=\"vc_column-inner\"><div class=\"wpb_wrapper\"><\/div><\/div><\/div><div class=\"vc_col-sm-3 wpb_column vc_column_container\"><div class=\"vc_column-inner\"><div class=\"wpb_wrapper\"><\/div><\/div><\/div><\/div><div class=\"ult-spacer spacer-69db0ea229698\" data-id=\"69db0ea229698\" data-height=\"40\" data-height-mobile=\"40\" data-height-tab=\"40\" data-height-tab-portrait=\"\" data-height-mobile-landscape=\"\" style=\"clear:both;display:block;\"><\/div><\/div><\/div><\/div><\/div><\/div><\/section><!-- Row Backgrounds --><div class=\"upb_color\" data-bg-override=\"0\" data-bg-color=\"#e8e8e8\" data-fadeout=\"\" data-fadeout-percentage=\"30\" data-parallax-content=\"\" data-parallax-content-sense=\"30\" data-row-effect-mobile-disable=\"true\" data-img-parallax-mobile-disable=\"true\" data-rtl=\"false\"  data-custom-vc-row=\"\"  data-vc=\"6.6.0\"  data-is_old_vc=\"\"  data-theme-support=\"\"   data-overlay=\"false\" data-overlay-color=\"\" data-overlay-pattern=\"\" data-overlay-pattern-opacity=\"\" data-overlay-pattern-size=\"\"    ><\/div><section class=\"l-section wpb_row us_custom_1f5f827b height_small\"><div class=\"l-section-h i-cf\"><div class=\"g-cols vc_row type_default valign_top\"><div class=\"vc_col-sm-12 wpb_column vc_column_container\"><div class=\"vc_column-inner\"><div class=\"wpb_wrapper\">[vc_raw_html]JTA5JTNDc2NyaXB0JTIwdHlwZSUzRCUyMnRleHQlMkZqYXZhc2NyaXB0JTIyJTIwc3JjJTNEJTIyJTJGd3AtaW5jbHVkZXMlMkZqcyUyRmdsb2JhbGl6ZSUyRmdsb2JhbGl6ZS1pdC5qcyUyMiUzRSUzQyUyRnNjcmlwdCUzRSUwQSUwQSUwOSUzQyUyMS0tJTNDbGluayUyMHJlbCUzRCUyMnN0eWxlc2hlZXQlMjIlMjBocmVmJTNEJTIyJTJGd3AtaW5jbHVkZXMlMkZjc3MlMkZ2ZXJ0aWNhbC5jc3MlMjIlMjAlMkYlM0UtLSUzRSUwQSUwOSUzQ2xpbmslMjByZWwlM0QlMjJzdHlsZXNoZWV0JTIyJTIwaHJlZiUzRCUyMiUyRndwLWluY2x1ZGVzJTJGY3NzJTJGaG9yaXpvbnRhbC5jc3MlMjIlMjAlMkYlM0UlMEElMEElMEElMDklM0MlMjEtLSUyMGNvbnRlbml0b3JlJTIwd2lkZ2V0JTIwZGklMjByaWNlcmNhJTIwLS0lM0UlMEElMDklM0NkaXYlMjBpZCUzRCUyMmJvb2tpbmdleHBlcnQlMjIlM0UlMEElMDklMDklM0NkaXYlMjBpZCUzRCUyMnNlYXJjaGJveCUyMiUzRSUzQyUyRmRpdiUzRSUwQSUwOSUzQyUyRmRpdiUzRSUwQSUwQSUwOSUzQyUyMS0tJTIwc2NyaXB0cyUyMHBlciUyMGlsJTIwY2FyaWNhbWVudG8lMjBkZWklMjB3aWRnZXQlMjAtLSUzRSUwQSUwOSUzQ3NjcmlwdCUyMHNyYyUzRCUyMmh0dHBzJTNBJTJGJTJGYmUuYm9va2luZ2V4cGVydC5pdCUyRmJvb2slMkZ3ZWJzaXRlcyUyRnNlYXJjaGJveCUzRmhvdGVsJTNEMTQwODMlMjZsYW5nJTNEZnIlMjIlM0UlM0MlMkZzY3JpcHQlM0UlMEElMDklM0NzY3JpcHQlM0VpdC5ib29raW5nZXhwZXJ0LlNlYXJjaEJveC5sb2FkJTI4JTI3c2VhcmNoYm94JTI3JTJDJTIwJTI3RGVmYXVsdCUyNyUyOSUzQiUzQyUyRnNjcmlwdCUzRQ==[\/vc_raw_html]<\/div><\/div><\/div><\/div><\/div><\/section><section class=\"l-section wpb_row height_medium\"><div class=\"l-section-h i-cf\"><div class=\"g-cols vc_row type_default valign_top\"><div class=\"vc_col-sm-12 wpb_column vc_column_container\"><div class=\"vc_column-inner\"><div class=\"wpb_wrapper\"><div class=\"w-grid type_grid layout_32 cols_3\" id=\"us_grid_1\" data-filterable=\"true\"><style id=\"us_grid_1_css\">#us_grid_1 .w-grid-item{padding:1.5rem}#us_grid_1 .w-grid-list{margin:-1.5rem}.w-grid + #us_grid_1 .w-grid-list{margin-top:1.5rem}@media (max-width:899px){#us_grid_1 .w-grid-item{width:50.0000%}}@media (max-width:599px){#us_grid_1 .w-grid-list{margin:0}#us_grid_1 .w-grid-item{width:100.0000%;padding:0;margin-bottom:1.5rem}}<\/style><style>.layout_32 .w-grid-item-h{}.layout_32 .usg_vwrapper_1{color:#333!important;background:#f5f5f5!important}.layout_32 .usg_post_title_1{color:#c33e38!important;margin-left:20px!important;margin-top:20px!important;margin-right:20px!important}.layout_32 .usg_hwrapper_1{margin:20px!important}<\/style><div class=\"w-grid-list\" >\t<article class=\"w-grid-item size_1x1 post-1217 us_portfolio type-us_portfolio status-publish has-post-thumbnail hentry us_portfolio_category-mobil-home\" data-id=\"1217\">\r\n\t\t<div class=\"w-grid-item-h\">\r\n\t\t\t\t\t\t<div class=\"w-post-elm post_image usg_post_image_1 stretched\"><a href=\"https:\/\/boschettodipiemma.it\/fr\/logement\/mobilhome-charmeur-1-2-pers\/\" aria-label=\"Mobilhome \u00bb Charmeur (1-2 pers.)\"><img width=\"1024\" height=\"768\" src=\"https:\/\/boschettodipiemma.it\/wp-content\/uploads\/2021\/03\/Camping-boschetto-di-piemma-san-gimignano-casa-mobile-charmeur_1.jpeg\" class=\"attachment-full size-full wp-post-image\" alt=\"\" loading=\"lazy\" srcset=\"https:\/\/boschettodipiemma.it\/wp-content\/uploads\/2021\/03\/Camping-boschetto-di-piemma-san-gimignano-casa-mobile-charmeur_1.jpeg 1024w, https:\/\/boschettodipiemma.it\/wp-content\/uploads\/2021\/03\/Camping-boschetto-di-piemma-san-gimignano-casa-mobile-charmeur_1-300x225.jpeg 300w\" sizes=\"(max-width: 1024px) 100vw, 1024px\" \/><\/a><\/div><div class=\"w-vwrapper usg_vwrapper_1 align_left valign_middle\"><h5 class=\"w-post-elm post_title usg_post_title_1 entry-title has_text_color\"><a href=\"https:\/\/boschettodipiemma.it\/fr\/logement\/mobilhome-charmeur-1-2-pers\/\">Mobilhome \u00bb Charmeur (1-2 pers.)<\/a><\/h5><div class=\"w-hwrapper usg_hwrapper_1 align_left valign_top\"><div class=\"w-text usg_text_1\"><span class=\"w-text-h\"><i class=\"fas fa-male\"><\/i><span class=\"w-text-value\"><\/span><\/span><\/div><div class=\"w-post-elm post_content usg_post_content_1\"><p>2 personnes<\/p>\n<\/div><\/div><\/div>\t\t<\/div>\r\n\t<\/article>\r\n\t<article class=\"w-grid-item size_1x1 post-1194 us_portfolio type-us_portfolio status-publish has-post-thumbnail hentry us_portfolio_category-mobil-home\" data-id=\"1194\">\r\n\t\t<div class=\"w-grid-item-h\">\r\n\t\t\t\t\t\t<div class=\"w-post-elm post_image usg_post_image_1 stretched\"><a href=\"https:\/\/boschettodipiemma.it\/fr\/logement\/mobilhome-charmeur-3-5-pers\/\" aria-label=\"Mobilhome \u00bb Charmeur (3-5 pers.)\"><img width=\"1024\" height=\"768\" src=\"https:\/\/boschettodipiemma.it\/wp-content\/uploads\/2021\/03\/Camping-boschetto-di-piemma-san-gimignano-casa-mobile-charmeur_2.jpeg\" class=\"attachment-full size-full wp-post-image\" alt=\"\" loading=\"lazy\" srcset=\"https:\/\/boschettodipiemma.it\/wp-content\/uploads\/2021\/03\/Camping-boschetto-di-piemma-san-gimignano-casa-mobile-charmeur_2.jpeg 1024w, https:\/\/boschettodipiemma.it\/wp-content\/uploads\/2021\/03\/Camping-boschetto-di-piemma-san-gimignano-casa-mobile-charmeur_2-300x225.jpeg 300w\" sizes=\"(max-width: 1024px) 100vw, 1024px\" \/><\/a><\/div><div class=\"w-vwrapper usg_vwrapper_1 align_left valign_middle\"><h5 class=\"w-post-elm post_title usg_post_title_1 entry-title has_text_color\"><a href=\"https:\/\/boschettodipiemma.it\/fr\/logement\/mobilhome-charmeur-3-5-pers\/\">Mobilhome \u00bb Charmeur (3-5 pers.)<\/a><\/h5><div class=\"w-hwrapper usg_hwrapper_1 align_left valign_top\"><div class=\"w-text usg_text_1\"><span class=\"w-text-h\"><i class=\"fas fa-male\"><\/i><span class=\"w-text-value\"><\/span><\/span><\/div><div class=\"w-post-elm post_content usg_post_content_1\"><p>5 personnes<\/p>\n<\/div><\/div><\/div>\t\t<\/div>\r\n\t<\/article>\r\n\t<article class=\"w-grid-item size_1x1 post-1186 us_portfolio type-us_portfolio status-publish has-post-thumbnail hentry us_portfolio_category-mobil-home\" data-id=\"1186\">\r\n\t\t<div class=\"w-grid-item-h\">\r\n\t\t\t\t\t\t<div class=\"w-post-elm post_image usg_post_image_1 stretched\"><a href=\"https:\/\/boschettodipiemma.it\/fr\/logement\/mobilhome-tuscan-sun-1-2-pers\/\" aria-label=\"Mobilhome \u00bb Tuscan Sun (1-2 pers.)\"><img width=\"1024\" height=\"768\" src=\"https:\/\/boschettodipiemma.it\/wp-content\/uploads\/2021\/03\/Camping-boschetto-di-piemma-san-gimignano-casa-mobile-tuscan_sun_1-2posti_1.jpeg\" class=\"attachment-full size-full wp-post-image\" alt=\"\" loading=\"lazy\" srcset=\"https:\/\/boschettodipiemma.it\/wp-content\/uploads\/2021\/03\/Camping-boschetto-di-piemma-san-gimignano-casa-mobile-tuscan_sun_1-2posti_1.jpeg 1024w, https:\/\/boschettodipiemma.it\/wp-content\/uploads\/2021\/03\/Camping-boschetto-di-piemma-san-gimignano-casa-mobile-tuscan_sun_1-2posti_1-300x225.jpeg 300w\" sizes=\"(max-width: 1024px) 100vw, 1024px\" \/><\/a><\/div><div class=\"w-vwrapper usg_vwrapper_1 align_left valign_middle\"><h5 class=\"w-post-elm post_title usg_post_title_1 entry-title has_text_color\"><a href=\"https:\/\/boschettodipiemma.it\/fr\/logement\/mobilhome-tuscan-sun-1-2-pers\/\">Mobilhome \u00bb Tuscan Sun (1-2 pers.)<\/a><\/h5><div class=\"w-hwrapper usg_hwrapper_1 align_left valign_top\"><div class=\"w-text usg_text_1\"><span class=\"w-text-h\"><i class=\"fas fa-male\"><\/i><span class=\"w-text-value\"><\/span><\/span><\/div><div class=\"w-post-elm post_content usg_post_content_1\"><p>2 personnes<\/p>\n<\/div><\/div><\/div>\t\t<\/div>\r\n\t<\/article>\r\n\t<article class=\"w-grid-item size_1x1 post-1171 us_portfolio type-us_portfolio status-publish has-post-thumbnail hentry us_portfolio_category-mobil-home\" data-id=\"1171\">\r\n\t\t<div class=\"w-grid-item-h\">\r\n\t\t\t\t\t\t<div class=\"w-post-elm post_image usg_post_image_1 stretched\"><a href=\"https:\/\/boschettodipiemma.it\/fr\/logement\/mobilhome-tuscan-sun-3-5-pers\/\" aria-label=\"Mobilhome \u00bb Tuscan Sun (3-5 pers.)\"><img width=\"1024\" height=\"768\" src=\"https:\/\/boschettodipiemma.it\/wp-content\/uploads\/2021\/03\/Camping-boschetto-di-piemma-san-gimignano-casa-mobile-tuscan_sun_3-5posti_1.jpeg\" class=\"attachment-full size-full wp-post-image\" alt=\"\" loading=\"lazy\" srcset=\"https:\/\/boschettodipiemma.it\/wp-content\/uploads\/2021\/03\/Camping-boschetto-di-piemma-san-gimignano-casa-mobile-tuscan_sun_3-5posti_1.jpeg 1024w, https:\/\/boschettodipiemma.it\/wp-content\/uploads\/2021\/03\/Camping-boschetto-di-piemma-san-gimignano-casa-mobile-tuscan_sun_3-5posti_1-300x225.jpeg 300w\" sizes=\"(max-width: 1024px) 100vw, 1024px\" \/><\/a><\/div><div class=\"w-vwrapper usg_vwrapper_1 align_left valign_middle\"><h5 class=\"w-post-elm post_title usg_post_title_1 entry-title has_text_color\"><a href=\"https:\/\/boschettodipiemma.it\/fr\/logement\/mobilhome-tuscan-sun-3-5-pers\/\">Mobilhome \u00bb Tuscan Sun (3-5 pers.)<\/a><\/h5><div class=\"w-hwrapper usg_hwrapper_1 align_left valign_top\"><div class=\"w-text usg_text_1\"><span class=\"w-text-h\"><i class=\"fas fa-male\"><\/i><span class=\"w-text-value\"><\/span><\/span><\/div><div class=\"w-post-elm post_content usg_post_content_1\"><p>5 personnes<\/p>\n<\/div><\/div><\/div>\t\t<\/div>\r\n\t<\/article>\r\n\t<article class=\"w-grid-item size_1x1 post-1164 us_portfolio type-us_portfolio status-publish has-post-thumbnail hentry us_portfolio_category-mobil-home\" data-id=\"1164\">\r\n\t\t<div class=\"w-grid-item-h\">\r\n\t\t\t\t\t\t<div class=\"w-post-elm post_image usg_post_image_1 stretched\"><a href=\"https:\/\/boschettodipiemma.it\/fr\/logement\/mobilhome-grand-charme-6-7-pers\/\" aria-label=\"Mobilhome \u00bb Grand Charme (6-7 pers.)\"><img width=\"1024\" height=\"768\" src=\"https:\/\/boschettodipiemma.it\/wp-content\/uploads\/2021\/03\/Camping-boschetto-di-piemma-san-gimignano-casa-mobile-grand-charme_6-7posti_2.jpeg\" class=\"attachment-full size-full wp-post-image\" alt=\"\" loading=\"lazy\" srcset=\"https:\/\/boschettodipiemma.it\/wp-content\/uploads\/2021\/03\/Camping-boschetto-di-piemma-san-gimignano-casa-mobile-grand-charme_6-7posti_2.jpeg 1024w, https:\/\/boschettodipiemma.it\/wp-content\/uploads\/2021\/03\/Camping-boschetto-di-piemma-san-gimignano-casa-mobile-grand-charme_6-7posti_2-300x225.jpeg 300w\" sizes=\"(max-width: 1024px) 100vw, 1024px\" \/><\/a><\/div><div class=\"w-vwrapper usg_vwrapper_1 align_left valign_middle\"><h5 class=\"w-post-elm post_title usg_post_title_1 entry-title has_text_color\"><a href=\"https:\/\/boschettodipiemma.it\/fr\/logement\/mobilhome-grand-charme-6-7-pers\/\">Mobilhome \u00bb Grand Charme (6-7 pers.)<\/a><\/h5><div class=\"w-hwrapper usg_hwrapper_1 align_left valign_top\"><div class=\"w-text usg_text_1\"><span class=\"w-text-h\"><i class=\"fas fa-male\"><\/i><span class=\"w-text-value\"><\/span><\/span><\/div><div class=\"w-post-elm post_content usg_post_content_1\"><p>7 personnes<\/p>\n<\/div><\/div><\/div>\t\t<\/div>\r\n\t<\/article>\r\n\t<article class=\"w-grid-item size_1x1 post-1155 us_portfolio type-us_portfolio status-publish has-post-thumbnail hentry us_portfolio_category-mobil-home\" data-id=\"1155\">\r\n\t\t<div class=\"w-grid-item-h\">\r\n\t\t\t\t\t\t<div class=\"w-post-elm post_image usg_post_image_1 stretched\"><a href=\"https:\/\/boschettodipiemma.it\/fr\/logement\/mobilhome-sans-cuisine-green-room\/\" aria-label=\"Mobilhome (sans cuisine) \u00bb Green room\"><img width=\"1024\" height=\"768\" src=\"https:\/\/boschettodipiemma.it\/wp-content\/uploads\/2021\/03\/Camping-boschetto-di-piemma-san-gimignano-casa-mobile-green-room_1.jpeg\" class=\"attachment-full size-full wp-post-image\" alt=\"\" loading=\"lazy\" srcset=\"https:\/\/boschettodipiemma.it\/wp-content\/uploads\/2021\/03\/Camping-boschetto-di-piemma-san-gimignano-casa-mobile-green-room_1.jpeg 1024w, https:\/\/boschettodipiemma.it\/wp-content\/uploads\/2021\/03\/Camping-boschetto-di-piemma-san-gimignano-casa-mobile-green-room_1-300x225.jpeg 300w\" sizes=\"(max-width: 1024px) 100vw, 1024px\" \/><\/a><\/div><div class=\"w-vwrapper usg_vwrapper_1 align_left valign_middle\"><h5 class=\"w-post-elm post_title usg_post_title_1 entry-title has_text_color\"><a href=\"https:\/\/boschettodipiemma.it\/fr\/logement\/mobilhome-sans-cuisine-green-room\/\">Mobilhome (sans cuisine) \u00bb Green room<\/a><\/h5><div class=\"w-hwrapper usg_hwrapper_1 align_left valign_top\"><div class=\"w-text usg_text_1\"><span class=\"w-text-h\"><i class=\"fas fa-male\"><\/i><span class=\"w-text-value\"><\/span><\/span><\/div><div class=\"w-post-elm post_content usg_post_content_1\"><p>7 personnes<\/p>\n<\/div><\/div><\/div>\t\t<\/div>\r\n\t<\/article>\r\n<\/div><div class=\"w-grid-preloader\"><div class=\"g-preloader type_1\">\r\n\t<div><\/div>\r\n<\/div>\r\n<\/div>\t<div class=\"w-grid-json hidden\" onclick='return {&quot;action&quot;:&quot;us_ajax_grid&quot;,&quot;ajax_url&quot;:&quot;https:\\\/\\\/boschettodipiemma.it\\\/wp-admin\\\/admin-ajax.php&quot;,&quot;infinite_scroll&quot;:0,&quot;max_num_pages&quot;:1,&quot;pagination&quot;:&quot;none&quot;,&quot;permalink_url&quot;:&quot;https:\\\/\\\/boschettodipiemma.it\\\/fr\\\/wp-json\\\/wp\\\/v2\\\/pages\\\/1132\\\/&quot;,&quot;template_vars&quot;:{&quot;columns&quot;:&quot;3&quot;,&quot;exclude_items&quot;:&quot;none&quot;,&quot;img_size&quot;:&quot;default&quot;,&quot;ignore_items_size&quot;:false,&quot;items_layout&quot;:&quot;32&quot;,&quot;items_offset&quot;:&quot;1&quot;,&quot;load_animation&quot;:&quot;none&quot;,&quot;overriding_link&quot;:&quot;none&quot;,&quot;post_id&quot;:1132,&quot;query_args&quot;:{&quot;post_type&quot;:[&quot;us_portfolio&quot;],&quot;tax_query&quot;:[{&quot;taxonomy&quot;:&quot;us_portfolio_category&quot;,&quot;field&quot;:&quot;slug&quot;,&quot;terms&quot;:[&quot;mobil-home&quot;]}],&quot;post_status&quot;:[&quot;publish&quot;,&quot;dp-rewrite-republish&quot;],&quot;posts_per_page&quot;:999},&quot;orderby_query_args&quot;:{&quot;orderby&quot;:{&quot;date&quot;:&quot;DESC&quot;}},&quot;type&quot;:&quot;grid&quot;,&quot;us_grid_ajax_index&quot;:1,&quot;us_grid_filter_params&quot;:null,&quot;us_grid_index&quot;:1,&quot;_us_grid_post_type&quot;:&quot;us_portfolio&quot;,&quot;lang&quot;:&quot;fr&quot;}}'><\/div>\r\n\t<\/div><\/div><\/div><\/div><\/div><\/div><\/section>\n","protected":false},"excerpt":{"rendered":"AccueilPortfolioMobilhome (sans cuisine) \u00bb Green room Description Green Room est une chambre spacieuse et confortable avec salle de bains priv\u00e9e pour jusqu&rsquo;\u00e0 3 personnes. A l&rsquo;int\u00e9rieur vous trouverez 3 lits simples, une salle de bains avec douche, lavabo et toilette. Dans la chambre il y a un r\u00e9frig\u00e9rateur et un bureau. L&rsquo;ext\u00e9rieur est \u00e9quip\u00e9 avec...","protected":false},"author":1,"featured_media":0,"parent":0,"menu_order":0,"comment_status":"closed","ping_status":"closed","template":"","meta":[],"yoast_head":"<!-- This site is optimized with the Yoast SEO plugin v16.0.2 - https:\/\/yoast.com\/wordpress\/plugins\/seo\/ -->\n<title>Mobil home - Campeggio Boschetto di Piemma a San Gimignano<\/title>\n<meta name=\"description\" content=\"Choisissez le logement qui convient le mieux \u00e0 vos besoins pour vos vacances \u00e0 San Gimignano, Toscane.\" \/>\n<link rel=\"canonical\" href=\"https:\/\/boschettodipiemma.it\/fr\/mobil-home\/\" \/>\n<meta property=\"og:locale\" content=\"fr_FR\" \/>\n<meta property=\"og:type\" content=\"article\" \/>\n<meta property=\"og:title\" content=\"Mobil home - Campeggio Boschetto di Piemma a San Gimignano\" \/>\n<meta property=\"og:description\" content=\"Choisissez le logement qui convient le mieux \u00e0 vos besoins pour vos vacances \u00e0 San Gimignano, Toscane.\" \/>\n<meta property=\"og:url\" content=\"https:\/\/boschettodipiemma.it\/fr\/mobil-home\/\" \/>\n<meta property=\"og:site_name\" content=\"Boschetto di Piemma\" \/>\n<meta property=\"article:publisher\" content=\"https:\/\/www.facebook.com\/camping.boschettodipiemma\" \/>\n<meta property=\"article:modified_time\" content=\"2021-07-23T09:26:34+00:00\" \/>\n<meta name=\"twitter:card\" content=\"summary_large_image\" \/>\n<meta name=\"twitter:label1\" content=\"Dur\u00e9e de lecture est.\">\n\t<meta name=\"twitter:data1\" content=\"1 minute\">\n<script type=\"application\/ld+json\" class=\"yoast-schema-graph\">{\"@context\":\"https:\/\/schema.org\",\"@graph\":[{\"@type\":\"WebSite\",\"@id\":\"https:\/\/boschettodipiemma.it\/#website\",\"url\":\"https:\/\/boschettodipiemma.it\/\",\"name\":\"Boschetto di Piemma\",\"description\":\"Campeggio San Gimignano Siena, Camping Village Toscana, Vacanze\",\"potentialAction\":[{\"@type\":\"SearchAction\",\"target\":\"https:\/\/boschettodipiemma.it\/?s={search_term_string}\",\"query-input\":\"required name=search_term_string\"}],\"inLanguage\":\"fr-FR\"},{\"@type\":\"WebPage\",\"@id\":\"https:\/\/boschettodipiemma.it\/fr\/mobil-home\/#webpage\",\"url\":\"https:\/\/boschettodipiemma.it\/fr\/mobil-home\/\",\"name\":\"Mobil home - Campeggio Boschetto di Piemma a San Gimignano\",\"isPartOf\":{\"@id\":\"https:\/\/boschettodipiemma.it\/#website\"},\"datePublished\":\"2021-04-01T07:04:46+00:00\",\"dateModified\":\"2021-07-23T09:26:34+00:00\",\"description\":\"Choisissez le logement qui convient le mieux \\u00e0 vos besoins pour vos vacances \\u00e0 San Gimignano, Toscane.\",\"breadcrumb\":{\"@id\":\"https:\/\/boschettodipiemma.it\/fr\/mobil-home\/#breadcrumb\"},\"inLanguage\":\"fr-FR\",\"potentialAction\":[{\"@type\":\"ReadAction\",\"target\":[\"https:\/\/boschettodipiemma.it\/fr\/mobil-home\/\"]}]},{\"@type\":\"BreadcrumbList\",\"@id\":\"https:\/\/boschettodipiemma.it\/fr\/mobil-home\/#breadcrumb\",\"itemListElement\":[{\"@type\":\"ListItem\",\"position\":1,\"item\":{\"@type\":\"WebPage\",\"@id\":\"https:\/\/boschettodipiemma.it\/fr\/\",\"url\":\"https:\/\/boschettodipiemma.it\/fr\/\",\"name\":\"Home\"}},{\"@type\":\"ListItem\",\"position\":2,\"item\":{\"@type\":\"WebPage\",\"@id\":\"https:\/\/boschettodipiemma.it\/fr\/mobil-home\/\",\"url\":\"https:\/\/boschettodipiemma.it\/fr\/mobil-home\/\",\"name\":\"Mobil home\"}}]}]}<\/script>\n<!-- \/ Yoast SEO plugin. -->","_links":{"self":[{"href":"https:\/\/boschettodipiemma.it\/fr\/wp-json\/wp\/v2\/pages\/1132"}],"collection":[{"href":"https:\/\/boschettodipiemma.it\/fr\/wp-json\/wp\/v2\/pages"}],"about":[{"href":"https:\/\/boschettodipiemma.it\/fr\/wp-json\/wp\/v2\/types\/page"}],"author":[{"embeddable":true,"href":"https:\/\/boschettodipiemma.it\/fr\/wp-json\/wp\/v2\/users\/1"}],"replies":[{"embeddable":true,"href":"https:\/\/boschettodipiemma.it\/fr\/wp-json\/wp\/v2\/comments?post=1132"}],"version-history":[{"count":3,"href":"https:\/\/boschettodipiemma.it\/fr\/wp-json\/wp\/v2\/pages\/1132\/revisions"}],"predecessor-version":[{"id":1757,"href":"https:\/\/boschettodipiemma.it\/fr\/wp-json\/wp\/v2\/pages\/1132\/revisions\/1757"}],"wp:attachment":[{"href":"https:\/\/boschettodipiemma.it\/fr\/wp-json\/wp\/v2\/media?parent=1132"}],"curies":[{"name":"wp","href":"https:\/\/api.w.org\/{rel}","templated":true}]}}